{"id":27094,"date":"2025-09-03T23:10:55","date_gmt":"2025-09-03T20:10:55","guid":{"rendered":"https:\/\/www.netbilisim-tr.com\/urun\/samsonite-gi0-09-003-15-6-ikonn-eco-notebook-sirt-cantasi-siyah\/"},"modified":"2026-03-17T16:50:17","modified_gmt":"2026-03-17T13:50:17","slug":"samsonite-gi0-09-003-15-6-ikonn-eco-notebook-sirt-cantasi-siyah","status":"publish","type":"product","link":"https:\/\/www.netbilisim-tr.com\/en\/product\/samsonite-gi0-09-003-15-6-ikonn-eco-notebook-sirt-cantasi-siyah\/","title":{"rendered":"SAMSONITE GI0-09-003 15.6 Ikonn Eco Notebook S\u0131rt \u00c7antas\u0131 Siyah"},"content":{"rendered":"<p>Her ya\u015fa ve g\u00fcnl\u00fck kullan\u0131ma uygun, sade ve \u00e7evre dostu modern tasar\u0131m<br \/>\nKi\u015fisel e\u015fyalar i\u00e7in \u00f6nde kolay eri\u015fimli fermuarl\u0131 k\u00fc\u00e7\u00fck aksesuar cebi<br \/>\nK\u00f6r\u00fckl\u00fc ve d\u00fczenleyici panellerle donat\u0131lm\u0131\u015f \u00e7ift fermuarl\u0131 \u00f6n organizasyon b\u00f6lmesi<br \/>\nBelgeler, defterler ve aksesuarlar i\u00e7in geni\u015f ana b\u00f6lme; i\u00e7 k\u0131sm\u0131nda kalemlik ve kablolar i\u00e7in cepler<br \/>\n15.6&#8243; laptop ve tablet i\u00e7in g\u00fc\u00e7lendirilmi\u015f, pedli b\u00f6lmelerle \u00fcst\u00fcn koruma sa\u011flar<br \/>\nYanlarda 2 adet esnek fileli cep &#8211; su \u015fi\u015fesi veya \u015femsiye i\u00e7in ideal<br \/>\nG\u00f6zl\u00fck, kart, kulakl\u0131k ve bilet gibi k\u00fc\u00e7\u00fck e\u015fyalar i\u00e7in i\u00e7te yumu\u015fak dokulu aksesuar cebi<br \/>\n\u00c7ek\u00e7ekli valiz sap\u0131na entegre edilebilen arka kay\u0131\u015f ile seyahatlerde kolay ta\u015f\u0131ma<br \/>\nNefes alabilir, s\u00fcnger destekli s\u0131rt paneli ve ergonomik konfor<br \/>\nAyarlanabilir dolgulu omuz ask\u0131lar\u0131 ile rahat kullan\u0131m<br \/>\nYumu\u015fak, sa\u011flam ve konforlu \u00fcst ta\u015f\u0131ma kolu<br \/>\n\u00d6l\u00e7\u00fcler: 48 x 34,5 x 20 cm<br \/>\nA\u011f\u0131rl\u0131k: 0,9 kg<br \/>\nHacim: 24 litre<br \/>\nRenk: Siyah<\/p>\n","protected":false},"excerpt":{"rendered":"<table id=\"tablepress-1\" class=\"tablepress tablepress-id-1 dataTable no-footer\" role=\"grid\" aria-describedby=\"tablepress-1_info\">\n<tbody class=\"row-hover\">\n<tr class=\"row-2 even\" role=\"row\">\n<td class=\"column-1\">Marka:<\/td>\n<td class=\"column-2\">SAMSONITE<\/td>\n<\/tr>\n<tr class=\"row-7 odd\" role=\"row\">\n<td class=\"column-1\">\u00dcr\u00fcn Kategorisi:<\/td>\n<td class=\"column-2\">Notebook S\u0131rt \u00c7antalar\u0131<\/td>\n<\/tr>\n<tr class=\"row-3 odd\" role=\"row\">\n<td class=\"column-1\">Net \u00dcr\u00fcn Kodu:<\/td>\n<td class=\"column-2\">3414<\/td>\n<\/tr>\n<tr class=\"row-4 even\" role=\"row\">\n<td class=\"column-1\">\u00dcr\u00fcn Barkod:<\/td>\n<td class=\"column-2\">5414847961106<\/td>\n<\/tr>\n<tr class=\"row-5 odd\" role=\"row\">\n<td class=\"column-1\">Garanti S\u00fcresi:<\/td>\n<td class=\"column-2\">2 Y\u0131l<\/td>\n<\/tr>\n<\/tbody>\n<\/table>\n","protected":false},"featured_media":27095,"template":"","meta":[],"product_brand":[3191],"product_cat":[1705,1704],"product_tag":[],"class_list":{"0":"post-27094","1":"product","2":"type-product","3":"status-publish","4":"has-post-thumbnail","6":"product_brand-samsonite","7":"product_cat-notebook-backpacks","8":"product_cat-samsonite-en","9":"pa_marka-samsonite-en","10":"pa_model-gi0-09-003","11":"pa_olcu-15-6","12":"pa_seri-ikonn-eco","13":"pa_tip-notebook-backpack","15":"first","16":"instock","17":"shipping-taxable","18":"product-type-simple"},"_links":{"self":[{"href":"https:\/\/www.netbilisim-tr.com\/en\/wp-json\/wp\/v2\/product\/27094","targetHints":{"allow":["GET"]}}],"collection":[{"href":"https:\/\/www.netbilisim-tr.com\/en\/wp-json\/wp\/v2\/product"}],"about":[{"href":"https:\/\/www.netbilisim-tr.com\/en\/wp-json\/wp\/v2\/types\/product"}],"wp:featuredmedia":[{"embeddable":true,"href":"https:\/\/www.netbilisim-tr.com\/en\/wp-json\/wp\/v2\/media\/27095"}],"wp:attachment":[{"href":"https:\/\/www.netbilisim-tr.com\/en\/wp-json\/wp\/v2\/media?parent=27094"}],"wp:term":[{"taxonomy":"product_brand","embeddable":true,"href":"https:\/\/www.netbilisim-tr.com\/en\/wp-json\/wp\/v2\/product_brand?post=27094"},{"taxonomy":"product_cat","embeddable":true,"href":"https:\/\/www.netbilisim-tr.com\/en\/wp-json\/wp\/v2\/product_cat?post=27094"},{"taxonomy":"product_tag","embeddable":true,"href":"https:\/\/www.netbilisim-tr.com\/en\/wp-json\/wp\/v2\/product_tag?post=27094"}],"curies":[{"name":"wp","href":"https:\/\/api.w.org\/{rel}","templated":true}]}}