{"id":27356,"date":"2025-09-22T15:39:11","date_gmt":"2025-09-22T12:39:11","guid":{"rendered":"https:\/\/www.netbilisim-tr.com\/urun\/mack-mce-1305-14-1-zen-eco-gunluk-sirt-cantasi-bej\/"},"modified":"2026-03-17T16:50:28","modified_gmt":"2026-03-17T13:50:28","slug":"mack-mce-1305-14-1-zen-eco-gunluk-sirt-cantasi-bej","status":"publish","type":"product","link":"https:\/\/www.netbilisim-tr.com\/en\/urun\/mack-mce-1305-14-1-zen-eco-gunluk-sirt-cantasi-bej\/","title":{"rendered":"MACK MCE-1305 14.1 ZEN Eco G\u00fcnl\u00fck S\u0131rt \u00c7antas\u0131 Bej"},"content":{"rendered":"<p>Mack Zen Eco MCE-1305 S\u0131rt \u00c7antas\u0131 &#8211; Macbook \u00c7antas\u0131, H\u0131rs\u0131zl\u0131\u011fa Kar\u015f\u0131 Koruma, K\u00fc\u00e7\u00fck, Mini, 13-14 in\u00e7 Laptop, G\u00fcnl\u00fck ve \u0130\u015f Kullan\u0131m\u0131, \u015e\u0131k Tasar\u0131m, \u00dcniversite ve Okul \u0130\u00e7in, Bej<\/p>\n<p>\u00c7evreci ve Kaliteli Malzeme: S\u0131rt \u00e7antas\u0131 kad\u0131n \u00e7evre dostu geri d\u00f6n\u00fc\u015ft\u00fcr\u00fclm\u00fc\u015f su ge\u00e7irmez kuma\u015ftan \u00fcretilmi\u015f ve y\u00fcksek kaliteli YKK fermuar ile donat\u0131lm\u0131\u015ft\u0131r. Bilgisayar \u00e7antas\u0131n\u0131n t\u00fcm bile\u015fenleri Avrupa Birli\u011fi normlar\u0131na g\u00f6re T\u00fcrkiye&#8217;de \u00fcretilmi\u015ftir ve hi\u00e7bir zararl\u0131 madde i\u00e7ermez. Mack \u00e7antalarla e\u015fyalar\u0131n\u0131z\u0131 ve cihazlar\u0131n\u0131z\u0131 g\u00fcvenle ta\u015f\u0131rken \u00e7evreyi de koruyun.<\/p>\n<p>Ergonomik ve \u015f\u0131k tasar\u0131m\u0131 sayesinde laptop s\u0131rt \u00e7antas\u0131 hem i\u015f \u00e7antas\u0131 hem g\u00fcnl\u00fck s\u0131rt \u00e7antas\u0131 olarak kullan\u0131labilir. Aksesuarlar i\u00e7in \u00f6zel olarak tasarlanm\u0131\u015f \u00f6n ve i\u00e7 cepler, kullan\u0131c\u0131n\u0131n e\u015fyalar\u0131n\u0131 organize etmesine ve kolay eri\u015fim sa\u011flamas\u0131na yard\u0131mc\u0131 olur.<\/p>\n<p>Maksimum Koruma: Mini s\u0131rt \u00e7antas\u0131n\u0131n bilgisayar\u0131n\u0131za ideal koruma sa\u011flayan y\u00fcksek yo\u011funluklu esnek k\u00f6p\u00fck ile desteklenmi\u015f 13-14 in\u00e7 laptop uyumlu bir b\u00f6lmesi vard\u0131r. \u015e\u0131k tasar\u0131m\u0131 ve pastel renkleri ile \u00fcniversite ve okul \u00e7antas\u0131 olarak kullan\u0131labilir. G\u00fcnl\u00fck ve i\u015f kullan\u0131m\u0131 i\u00e7in m\u00fckemmel olup, su itici kuma\u015f\u0131 ve dayan\u0131kl\u0131 yap\u0131s\u0131yla uzun \u00f6m\u00fcrl\u00fc kullan\u0131m sunar.<\/p>\n<p>Rahat ve G\u00fcvenli Ta\u015f\u0131ma: Macbook Air \/ Pro ile uyumlu bilgisayar \u00e7antas\u0131, konforlu arka y\u00fczeyi ve ayarlanabilir omuz ask\u0131lar\u0131yla rahat bir ta\u015f\u0131ma sa\u011flar. Ayr\u0131ca, s\u0131rt \u00e7antas\u0131n\u0131n arka y\u00fczeyinde h\u0131rs\u0131zl\u0131\u011fa kar\u015f\u0131 bir cep bulunmaktad\u0131r.<\/p>\n<p>\u0130deal Boyutlar: 38*28*13 cm boyutlar\u0131 ve 14 L kapasitesi ile ideal bir depolama alan\u0131 sunan g\u00fcnl\u00fck s\u0131rt \u00e7antas\u0131, erkek ve kad\u0131n unisex kullan\u0131ma uygundur.<\/p>\n<p>Uyar\u0131: \u00fcr\u00fcn %100 su ge\u00e7irmez de\u011fildir. Yo\u011fun ya\u011fmur, suyla direkt temas veya uzun s\u00fcreli \u0131slakl\u0131k durumlar\u0131nda i\u00e7eriye su s\u0131zabilir. L\u00fctfen kullan\u0131m s\u0131ras\u0131nda bu durumu dikkate al\u0131n\u0131z.<\/p>\n","protected":false},"excerpt":{"rendered":"<table id=\"tablepress-1\" class=\"tablepress tablepress-id-1 dataTable no-footer\" role=\"grid\" aria-describedby=\"tablepress-1_info\">\n<tbody class=\"row-hover\">\n<tr class=\"row-2 even\" role=\"row\">\n<td class=\"column-1\">Marka:<\/td>\n<td class=\"column-2\">MACK<\/td>\n<\/tr>\n<tr class=\"row-7 odd\" role=\"row\">\n<td class=\"column-1\">\u00dcr\u00fcn Kategorisi:<\/td>\n<td class=\"column-2\">Eco G\u00fcnl\u00fck S\u0131rt \u00c7antalar\u0131<\/td>\n<\/tr>\n<tr class=\"row-3 odd\" role=\"row\">\n<td class=\"column-1\">Net \u00dcr\u00fcn Kodu:<\/td>\n<td class=\"column-2\">3405<\/td>\n<\/tr>\n<tr class=\"row-4 even\" role=\"row\">\n<td class=\"column-1\">\u00dcr\u00fcn Barkod:<\/td>\n<td class=\"column-2\">8682998401667<\/td>\n<\/tr>\n<tr class=\"row-5 odd\" role=\"row\">\n<td class=\"column-1\">Garanti S\u00fcresi:<\/td>\n<td class=\"column-2\">2 Y\u0131l<\/td>\n<\/tr>\n<\/tbody>\n<\/table>\n","protected":false},"featured_media":27357,"template":"","meta":[],"product_brand":[3190],"product_cat":[3148,1692],"product_tag":[],"class_list":{"0":"post-27356","1":"product","2":"type-product","3":"status-publish","4":"has-post-thumbnail","6":"product_brand-mack","7":"product_cat-eco-daily-backpacks","8":"product_cat-mack-en","9":"pa_marka-mack-en","10":"pa_model-mce-1305","11":"pa_olcu-14-1","12":"pa_seri-zen-en","13":"pa_tip-eco-gunluk-sirt-cantasi","15":"first","16":"instock","17":"shipping-taxable","18":"product-type-simple"},"_links":{"self":[{"href":"https:\/\/www.netbilisim-tr.com\/en\/wp-json\/wp\/v2\/product\/27356","targetHints":{"allow":["GET"]}}],"collection":[{"href":"https:\/\/www.netbilisim-tr.com\/en\/wp-json\/wp\/v2\/product"}],"about":[{"href":"https:\/\/www.netbilisim-tr.com\/en\/wp-json\/wp\/v2\/types\/product"}],"wp:featuredmedia":[{"embeddable":true,"href":"https:\/\/www.netbilisim-tr.com\/en\/wp-json\/wp\/v2\/media\/27357"}],"wp:attachment":[{"href":"https:\/\/www.netbilisim-tr.com\/en\/wp-json\/wp\/v2\/media?parent=27356"}],"wp:term":[{"taxonomy":"product_brand","embeddable":true,"href":"https:\/\/www.netbilisim-tr.com\/en\/wp-json\/wp\/v2\/product_brand?post=27356"},{"taxonomy":"product_cat","embeddable":true,"href":"https:\/\/www.netbilisim-tr.com\/en\/wp-json\/wp\/v2\/product_cat?post=27356"},{"taxonomy":"product_tag","embeddable":true,"href":"https:\/\/www.netbilisim-tr.com\/en\/wp-json\/wp\/v2\/product_tag?post=27356"}],"curies":[{"name":"wp","href":"https:\/\/api.w.org\/{rel}","templated":true}]}}