{"id":27379,"date":"2025-09-29T11:11:34","date_gmt":"2025-09-29T08:11:34","guid":{"rendered":"https:\/\/www.netbilisim-tr.com\/urun\/mack-mcc-006-15-6-office-notebook-sirt-cantasi-siyah\/"},"modified":"2026-03-17T16:44:52","modified_gmt":"2026-03-17T13:44:52","slug":"mack-mcc-006-15-6-office-notebook-sirt-cantasi-siyah","status":"publish","type":"product","link":"https:\/\/www.netbilisim-tr.com\/en\/urun\/mack-mcc-006-15-6-office-notebook-sirt-cantasi-siyah\/","title":{"rendered":"MACK MCC-006 15.6 OFFICE Notebook S\u0131rt \u00c7antas\u0131 Siyah"},"content":{"rendered":"<p>\u0130\u015f kullan\u0131m\u0131na uygun, dayan\u0131kl\u0131, hafif ve \u015f\u0131k tasar\u0131m<br \/>\nDahili USB \u015farj portu sayesinde \u00e7anta i\u00e7erisine yerle\u015ftirece\u011finiz powerbank yard\u0131m\u0131yla cep telefonunuzu kolayca \u015farj edebilme ( powerbank ayr\u0131 olarak sat\u0131l\u0131r )<br \/>\n\u00d6nde 1 adet organizasyon b\u00f6l\u00fcm\u00fc ve 1 adet fermuarl\u0131 \u00f6n cep<br \/>\nMaksimum koruma sa\u011flayan g\u00fc\u00e7lendirilmi\u015f notebook b\u00f6l\u00fcm\u00fc<br \/>\nKabartma desenli i\u00e7 astar<br \/>\nYumu\u015fak ve dayan\u0131kl\u0131 malzemeden \u00fcretilmi\u015f rahat ta\u015f\u0131ma kolu<br \/>\nAyarlanabilir omuz ask\u0131lar\u0131<br \/>\n\u00d6l\u00e7\u00fcler: 47*32*11 cm<br \/>\nA\u011f\u0131rl\u0131k: 0,72 kg<br \/>\nHacim:  17 L<br \/>\nRenk: Siyah<\/p>\n","protected":false},"excerpt":{"rendered":"<table id=\"tablepress-1\" class=\"tablepress tablepress-id-1 dataTable no-footer\" role=\"grid\" aria-describedby=\"tablepress-1_info\">\n<tbody class=\"row-hover\">\n<tr class=\"row-2 even\" role=\"row\">\n<td class=\"column-1\">Marka:<\/td>\n<td class=\"column-2\">MACK<\/td>\n<\/tr>\n<tr class=\"row-7 odd\" role=\"row\">\n<td class=\"column-1\">\u00dcr\u00fcn Kategorisi:<\/td>\n<td class=\"column-2\">Notebook S\u0131rt \u00c7antalar\u0131<\/td>\n<\/tr>\n<tr class=\"row-3 odd\" role=\"row\">\n<td class=\"column-1\">Net \u00dcr\u00fcn Kodu:<\/td>\n<td class=\"column-2\">2754<\/td>\n<\/tr>\n<tr class=\"row-4 even\" role=\"row\">\n<td class=\"column-1\">\u00dcr\u00fcn Barkod:<\/td>\n<td class=\"column-2\">8680111011144<\/td>\n<\/tr>\n<tr class=\"row-5 odd\" role=\"row\">\n<td class=\"column-1\">Garanti S\u00fcresi:<\/td>\n<td class=\"column-2\">2 Y\u0131l<\/td>\n<\/tr>\n<\/tbody>\n<\/table>\n","protected":false},"featured_media":27395,"template":"","meta":[],"product_brand":[3190],"product_cat":[1692,1728],"product_tag":[],"class_list":{"0":"post-27379","1":"product","2":"type-product","3":"status-publish","4":"has-post-thumbnail","6":"product_brand-mack","7":"product_cat-mack-en","8":"product_cat-notebook-backpacks-mack-en","9":"pa_marka-mack-en","10":"pa_model-mcc-006-en","11":"pa_olcu-15-6","12":"pa_seri-office-en","13":"pa_tip-notebook-backpack","15":"first","16":"instock","17":"shipping-taxable","18":"product-type-simple"},"_links":{"self":[{"href":"https:\/\/www.netbilisim-tr.com\/en\/wp-json\/wp\/v2\/product\/27379","targetHints":{"allow":["GET"]}}],"collection":[{"href":"https:\/\/www.netbilisim-tr.com\/en\/wp-json\/wp\/v2\/product"}],"about":[{"href":"https:\/\/www.netbilisim-tr.com\/en\/wp-json\/wp\/v2\/types\/product"}],"wp:featuredmedia":[{"embeddable":true,"href":"https:\/\/www.netbilisim-tr.com\/en\/wp-json\/wp\/v2\/media\/27395"}],"wp:attachment":[{"href":"https:\/\/www.netbilisim-tr.com\/en\/wp-json\/wp\/v2\/media?parent=27379"}],"wp:term":[{"taxonomy":"product_brand","embeddable":true,"href":"https:\/\/www.netbilisim-tr.com\/en\/wp-json\/wp\/v2\/product_brand?post=27379"},{"taxonomy":"product_cat","embeddable":true,"href":"https:\/\/www.netbilisim-tr.com\/en\/wp-json\/wp\/v2\/product_cat?post=27379"},{"taxonomy":"product_tag","embeddable":true,"href":"https:\/\/www.netbilisim-tr.com\/en\/wp-json\/wp\/v2\/product_tag?post=27379"}],"curies":[{"name":"wp","href":"https:\/\/api.w.org\/{rel}","templated":true}]}}