{"id":27557,"date":"2025-10-31T14:45:22","date_gmt":"2025-10-31T11:45:22","guid":{"rendered":"https:\/\/www.netbilisim-tr.com\/urun\/mack-mce-1402-13-zone-x-sert-yapili-canta\/"},"modified":"2026-03-17T16:48:02","modified_gmt":"2026-03-17T13:48:02","slug":"mack-mce-1402-13-zone-x-sert-yapili-canta","status":"publish","type":"product","link":"https:\/\/www.netbilisim-tr.com\/en\/urun\/mack-mce-1402-13-zone-x-sert-yapili-canta\/","title":{"rendered":"MACK MCE-1402 13 ZONE X Sert Yap\u0131l\u0131 \u00c7anta"},"content":{"rendered":"<p>\u00c7evre Dostu ve Kaliteli Malzeme: \u00c7evre dostu geri d\u00f6n\u00fc\u015ft\u00fcr\u00fclm\u00fc\u015f EVA\u2019dan \u00fcretilmi\u015f sert yap\u0131 ve y\u00fcksek kaliteli YKK fermuar. T\u00fcm bile\u015fenler Avrupa Birli\u011fi normlar\u0131na g\u00f6re T\u00fcrkiye\u2019de \u00fcretilmi\u015ftir ve zararl\u0131 madde i\u00e7ermez.<\/p>\n<p>Maksimum Koruma: EVA sert d\u0131\u015f kabuk ve yumu\u015fak neopren i\u00e7 y\u00fczey ile iPad\u2019inizi d\u00fc\u015fmelere, darbelere ve \u00e7izilmelere kar\u015f\u0131 korur. Sert yap\u0131s\u0131 sayesinde \u00e7antan\u0131zda veya elde ta\u015f\u0131rken cihaz\u0131n\u0131z\u0131 g\u00fcvenle saklayabilirsiniz.<\/p>\n<p>\u00c7ok Y\u00f6nl\u00fc ve Rahat Ta\u015f\u0131ma: Ayarlanabilir omuz ask\u0131s\u0131 ve dayan\u0131kl\u0131 tutma sap\u0131 sayesinde ister elde ister omuzda rahat ta\u015f\u0131ma imkan\u0131.<\/p>\n<p>Ak\u0131ll\u0131 Aksesuar B\u00f6lmesi: \u015earj adapt\u00f6r\u00fc, kablolar ve k\u00fc\u00e7\u00fck aksesuarlar i\u00e7in \u00f6zel organizasyon b\u00f6lmeleri.<\/p>\n<p>\u0130deal Boyutlar: 25,5*31,5*5 cm \u00f6l\u00e7\u00fclerinde, iPad Pro 13&#8243; M4, iPad Air 13&#8243; M3 (2025) &#038; M2 (2024) ve iPad Pro 12.9&#8243; M2 &#038; M1 ile tam uyumlu.<\/p>\n<p>Hacim: 4 Litre<\/p>\n","protected":false},"excerpt":{"rendered":"<table id=\"tablepress-1\" class=\"tablepress tablepress-id-1 dataTable no-footer\" role=\"grid\" aria-describedby=\"tablepress-1_info\">\n<tbody class=\"row-hover\">\n<tr class=\"row-2 even\" role=\"row\">\n<td class=\"column-1\">Marka:<\/td>\n<td class=\"column-2\">MACK<\/td>\n<\/tr>\n<tr class=\"row-7 odd\" role=\"row\">\n<td class=\"column-1\">\u00dcr\u00fcn Kategorisi:<\/td>\n<td class=\"column-2\">Tablet \u00c7antalar\u0131<\/td>\n<\/tr>\n<tr class=\"row-3 odd\" role=\"row\">\n<td class=\"column-1\">Net \u00dcr\u00fcn Kodu:<\/td>\n<td class=\"column-2\">3336<\/td>\n<\/tr>\n<tr class=\"row-4 even\" role=\"row\">\n<td class=\"column-1\">\u00dcr\u00fcn Barkod:<\/td>\n<td class=\"column-2\">8682998401612<\/td>\n<\/tr>\n<tr class=\"row-5 odd\" role=\"row\">\n<td class=\"column-1\">Garanti S\u00fcresi:<\/td>\n<td class=\"column-2\">2 Y\u0131l<\/td>\n<\/tr>\n<\/tbody>\n<\/table>\n","protected":false},"featured_media":27558,"template":"","meta":[],"product_brand":[3190],"product_cat":[280,739],"product_tag":[],"class_list":{"0":"post-27557","1":"product","2":"type-product","3":"status-publish","4":"has-post-thumbnail","6":"product_brand-mack","7":"product_cat-mack","8":"product_cat-notebook-cantalari-mack","9":"pa_marka-mack","10":"pa_model-mce-1402","11":"pa_olcu-3204","12":"pa_seri-zone-x","13":"pa_tip-sert-yapili-canta","15":"first","16":"instock","17":"shipping-taxable","18":"product-type-simple"},"_links":{"self":[{"href":"https:\/\/www.netbilisim-tr.com\/en\/wp-json\/wp\/v2\/product\/27557","targetHints":{"allow":["GET"]}}],"collection":[{"href":"https:\/\/www.netbilisim-tr.com\/en\/wp-json\/wp\/v2\/product"}],"about":[{"href":"https:\/\/www.netbilisim-tr.com\/en\/wp-json\/wp\/v2\/types\/product"}],"wp:featuredmedia":[{"embeddable":true,"href":"https:\/\/www.netbilisim-tr.com\/en\/wp-json\/wp\/v2\/media\/27558"}],"wp:attachment":[{"href":"https:\/\/www.netbilisim-tr.com\/en\/wp-json\/wp\/v2\/media?parent=27557"}],"wp:term":[{"taxonomy":"product_brand","embeddable":true,"href":"https:\/\/www.netbilisim-tr.com\/en\/wp-json\/wp\/v2\/product_brand?post=27557"},{"taxonomy":"product_cat","embeddable":true,"href":"https:\/\/www.netbilisim-tr.com\/en\/wp-json\/wp\/v2\/product_cat?post=27557"},{"taxonomy":"product_tag","embeddable":true,"href":"https:\/\/www.netbilisim-tr.com\/en\/wp-json\/wp\/v2\/product_tag?post=27557"}],"curies":[{"name":"wp","href":"https:\/\/api.w.org\/{rel}","templated":true}]}}