{"id":27593,"date":"2025-11-26T11:51:10","date_gmt":"2025-11-26T08:51:10","guid":{"rendered":"https:\/\/www.netbilisim-tr.com\/urun\/mack-mce-1206-16-explor-lite-23-litre-eco-seyahat-sirt-cantasi-siyah\/"},"modified":"2026-03-30T22:39:18","modified_gmt":"2026-03-30T19:39:18","slug":"mack-mce-1206-16-explor-lite-23-litre-eco-seyahat-sirt-cantasi-siyah","status":"publish","type":"product","link":"https:\/\/www.netbilisim-tr.com\/en\/urun\/mack-mce-1206-16-explor-lite-23-litre-eco-seyahat-sirt-cantasi-siyah\/","title":{"rendered":"MACK MCE-1206 16 EXPLOR Lite 23 Litre Eco Seyahat S\u0131rt \u00c7antas\u0131 Siyah"},"content":{"rendered":"<p>Mack Explor Lite Eco MCE-1206 23L El Bagaj\u0131 Seyahat S\u0131rt \u00c7antas\u0131, 16  in\u00e7 Laptop S\u0131rt \u00c7antas\u0131, Su \u0130tici Kabin Boy S\u0131rt \u00c7antas\u0131, \u00c7evre Dostu, Reflekt\u00f6rl\u00fc Hafta sonu \u00c7antas\u0131<\/p>\n<p>\u0130deal (Geni\u015f) Kapasite: 45*31*19 cm ve 23 L hacmiyle seyahat s\u0131rt \u00e7antas\u0131, \u00e7o\u011fu hava yolu \u015firketinin el bagaj\u0131 gereksinimlerine uygundur. E\u015fyalar\u0131n\u0131z i\u00e7in g\u00fcvenilir koruma ve \u00e7ok say\u0131da cep sunan el bagaj\u0131 seyahat s\u0131rt \u00e7antas\u0131, seyahatlerinizde sizi d\u00fczenli ve haz\u0131rl\u0131kl\u0131 tutar. 2-4 g\u00fcnl\u00fck seyahatler, i\u015f seyahatleri veya hafta sonu gezileri i\u00e7in m\u00fckemmel bir \u00e7\u00f6z\u00fcmd\u00fcr.<\/p>\n<p>Ergonomik ve \u015f\u0131k tasar\u0131m: Kabin boy s\u0131rt \u00e7antas\u0131, bavul gibi 180\u00b0 a\u00e7\u0131labilen ana b\u00f6lmesi ve \u00e7apraz esnek lastikli sabitleyici toka sayesinde e\u015fyalar\u0131n\u0131z\u0131n kolayca yerle\u015ftirilmesini ve d\u00fczenlenmesini sa\u011flar. \u0130\u00e7 cepleri sayesinde aksesuarlar\u0131n\u0131z\u0131 kolayca yerle\u015ftirmenizi sa\u011flayarak d\u00fczenli bir g\u00f6r\u00fcnt\u00fc olu\u015fturur.<\/p>\n<p>Maksimum Koruma: Seyahat s\u0131rt \u00e7antas\u0131, diz\u00fcst\u00fc bilgisayar\u0131n\u0131z\u0131 \u00e7izilmelere, \u00e7arpmalara ve d\u00fc\u015fmelere kar\u015f\u0131 koruyan dayan\u0131kl\u0131 i\u00e7 malzemeye ve y\u00fcksek kaliteli dolguya sahip 16 in\u00e7lik bir diz\u00fcst\u00fc bilgisayar b\u00f6lmesine ve 13 in\u00e7lik bir tablet b\u00f6lmesine sahiptir. Ayr\u0131ca aksesuarlar i\u00e7in \u00f6zel olarak tasarlanm\u0131\u015f \u00f6n ve i\u00e7 cepler, kullan\u0131c\u0131n\u0131n e\u015fyalar\u0131n\u0131 organize etmesine ve kolay eri\u015fim sa\u011flamas\u0131na yard\u0131mc\u0131 olur.<\/p>\n<p>Rahat ve G\u00fcvenli Ta\u015f\u0131ma : Bu kabin boy seyahat \u00e7antas\u0131, konforlu ta\u015f\u0131ma i\u00e7in dolgulu arka y\u00fczey ve omuz ask\u0131lar\u0131na sahiptir. Ayr\u0131ca, biri \u00fcste biri yanda bulunan konforlu tutma saplar\u0131 ile \u00e7ift y\u00f6nl\u00fc bir ta\u015f\u0131ma sa\u011flamaktad\u0131r. \u00d6n\u00fcnde bulunan reflekt\u00f6r sayesinde karanl\u0131kta g\u00f6r\u00fcn\u00fcrl\u00fc\u011f\u00fc art\u0131rarak g\u00fcvenli bir ta\u015f\u0131ma sa\u011flar. Ayr\u0131ca, arkadaki bagaj ask\u0131s\u0131 sayesinde s\u0131rt \u00e7antan\u0131z\u0131 valizinize sabitleyebilir ve seyahat ederken kolayca ta\u015f\u0131yabilirsiniz.<\/p>\n<p>\u00c7evreci ve Kaliteli Malzeme : S\u0131rt \u00e7antas\u0131 \u00e7evre dostu geri d\u00f6n\u00fc\u015ft\u00fcr\u00fclm\u00fc\u015f su itici kuma\u015ftan \u00fcretilmi\u015f ve y\u00fcksek kaliteli fermuar ile donat\u0131lm\u0131\u015ft\u0131r. Bilgisayar \u00e7antas\u0131n\u0131n t\u00fcm bile\u015fenleri Avrupa Birli\u011fi normlar\u0131na g\u00f6re T\u00fcrkiye \u2019de \u00fcretilmi\u015ftir ve hi\u00e7bir zararl\u0131 madde i\u00e7ermez. Mack s\u0131rt \u00e7antalar\u0131 ile bilgisayar\u0131n\u0131z\u0131 ve e\u015fyalar\u0131n\u0131z\u0131 korurken, ayn\u0131 zamanda \u00e7evreyi de koruyun.<\/p>\n<p>Uyar\u0131: \u00fcr\u00fcn\u00a0%100 su ge\u00e7irmez de\u011fildir. Yo\u011fun ya\u011fmur, suyla direkt temas veya uzun s\u00fcreli \u0131slakl\u0131k durumlar\u0131nda i\u00e7eriye su s\u0131zabilir. L\u00fctfen kullan\u0131m s\u0131ras\u0131nda bu durumu dikkate al\u0131n\u0131z.\u00a0\u00a0<\/p>\n","protected":false},"excerpt":{"rendered":"<table id=\"tablepress-1\" class=\"tablepress tablepress-id-1 dataTable no-footer\" role=\"grid\" aria-describedby=\"tablepress-1_info\">\n<tbody class=\"row-hover\">\n<tr class=\"row-2 even\" role=\"row\">\n<td class=\"column-1\">Marka:<\/td>\n<td class=\"column-2\">MACK<\/td>\n<\/tr>\n<tr class=\"row-7 odd\" role=\"row\">\n<td class=\"column-1\">\u00dcr\u00fcn Kategorisi:<\/td>\n<td class=\"column-2\">Eco Seyahat S\u0131rt \u00c7antalar\u0131<\/td>\n<\/tr>\n<tr class=\"row-3 odd\" role=\"row\">\n<td class=\"column-1\">Net \u00dcr\u00fcn Kodu:<\/td>\n<td class=\"column-2\">3429<\/td>\n<\/tr>\n<tr class=\"row-4 even\" role=\"row\">\n<td class=\"column-1\">\u00dcr\u00fcn Barkod:<\/td>\n<td class=\"column-2\">8682998401759<\/td>\n<\/tr>\n<tr class=\"row-5 odd\" role=\"row\">\n<td class=\"column-1\">Garanti S\u00fcresi:<\/td>\n<td class=\"column-2\">2 Y\u0131l<\/td>\n<\/tr>\n<\/tbody>\n<\/table>\n","protected":false},"featured_media":27594,"template":"","meta":[],"product_brand":[3190],"product_cat":[3056,280],"product_tag":[],"class_list":{"0":"post-27593","1":"product","2":"type-product","3":"status-publish","4":"has-post-thumbnail","6":"product_brand-mack","7":"product_cat-eco-seyahat-sirt-cantalari","8":"product_cat-mack","9":"pa_marka-mack","10":"pa_model-mce-1206","11":"pa_olcu-3210","12":"pa_seri-explor","13":"pa_tip-eco-seyahat-sirt-cantasi","15":"first","16":"instock","17":"shipping-taxable","18":"product-type-simple"},"_links":{"self":[{"href":"https:\/\/www.netbilisim-tr.com\/en\/wp-json\/wp\/v2\/product\/27593","targetHints":{"allow":["GET"]}}],"collection":[{"href":"https:\/\/www.netbilisim-tr.com\/en\/wp-json\/wp\/v2\/product"}],"about":[{"href":"https:\/\/www.netbilisim-tr.com\/en\/wp-json\/wp\/v2\/types\/product"}],"wp:featuredmedia":[{"embeddable":true,"href":"https:\/\/www.netbilisim-tr.com\/en\/wp-json\/wp\/v2\/media\/27594"}],"wp:attachment":[{"href":"https:\/\/www.netbilisim-tr.com\/en\/wp-json\/wp\/v2\/media?parent=27593"}],"wp:term":[{"taxonomy":"product_brand","embeddable":true,"href":"https:\/\/www.netbilisim-tr.com\/en\/wp-json\/wp\/v2\/product_brand?post=27593"},{"taxonomy":"product_cat","embeddable":true,"href":"https:\/\/www.netbilisim-tr.com\/en\/wp-json\/wp\/v2\/product_cat?post=27593"},{"taxonomy":"product_tag","embeddable":true,"href":"https:\/\/www.netbilisim-tr.com\/en\/wp-json\/wp\/v2\/product_tag?post=27593"}],"curies":[{"name":"wp","href":"https:\/\/api.w.org\/{rel}","templated":true}]}}