{"id":27924,"date":"2026-02-12T09:53:32","date_gmt":"2026-02-12T06:53:32","guid":{"rendered":"https:\/\/www.netbilisim-tr.com\/urun\/samsonite-ka6-01-002-15-6-securipack-notebook-sirt-cantasi-mavi\/"},"modified":"2026-03-17T16:48:59","modified_gmt":"2026-03-17T13:48:59","slug":"samsonite-ka6-01-002-15-6-securipack-notebook-sirt-cantasi-mavi","status":"publish","type":"product","link":"https:\/\/www.netbilisim-tr.com\/en\/urun\/samsonite-ka6-01-002-15-6-securipack-notebook-sirt-cantasi-mavi\/","title":{"rendered":"SAMSONITE KA6-01-002 15.6 Securipack Notebook S\u0131rt \u00c7antas\u0131 Mavi"},"content":{"rendered":"<p>En g\u00fcvenli s\u0131rt \u00e7antas\u0131! Bu Samsonite Securipack Travelpack, omuz ask\u0131lar\u0131n\u0131n b\u00fcy\u00fck b\u00f6lmenin fermuarlar\u0131n\u0131n \u00fczerine gelmesi sayesinde, s\u0131rt\u0131n\u0131zdan \u00e7\u0131karmadan a\u00e7\u0131lmas\u0131 m\u00fcmk\u00fcn de\u011fildir. Fermuar\u0131 sayesinde \u00e7antay\u0131 geni\u015fletip daraltabilirsiniz.<\/p>\n<p>Ayr\u0131ca bu Samsonite s\u0131rt \u00e7antas\u0131 bir RFID b\u00f6lmesi ve \u015farj \u00e7\u0131k\u0131\u015f\u0131 i\u00e7erir, b\u00f6ylece y\u00fcr\u00fcrken telefonunuzu \u015farj edebilirsiniz. \u0130\u00e7 k\u0131sm\u0131nda 15,6 in\u00e7 laptop b\u00f6lmesi bulunur. Ergonomik tasar\u0131m\u0131 sayesinde s\u0131rt\u0131n\u0131za m\u00fckemmel \u015fekilde oturur ve v\u00fccudunuzla b\u00fct\u00fcnle\u015fir. Seyahatler ve toplu ta\u015f\u0131ma kullan\u0131m\u0131 i\u00e7in idealdir!<\/p>\n<p>\u00d6zellikler:<br \/>\n2 y\u0131l garanti<br \/>\n15,6&#8243; in\u00e7 laptop b\u00f6lmesi<br \/>\nBoyutlar: 45 x 33,5 x 21,5 &#8211; 25 cm<br \/>\nHacim: 25,5 &#8211; 30 Litre<br \/>\nSeri: Securipack<br \/>\nRenk: Mavi<br \/>\nMalzeme: %100 geri d\u00f6n\u00fc\u015ft\u00fcr\u00fclm\u00fc\u015f polyester<\/p>\n","protected":false},"excerpt":{"rendered":"<table id=\"tablepress-1\" class=\"tablepress tablepress-id-1 dataTable no-footer\" role=\"grid\" aria-describedby=\"tablepress-1_info\">\n<tbody class=\"row-hover\">\n<tr class=\"row-2 even\" role=\"row\">\n<td class=\"column-1\">Marka:<\/td>\n<td class=\"column-2\">SAMSONITE<\/td>\n<\/tr>\n<tr class=\"row-7 odd\" role=\"row\">\n<td class=\"column-1\">\u00dcr\u00fcn Kategorisi:<\/td>\n<td class=\"column-2\">Notebook S\u0131rt \u00c7antalar\u0131<\/td>\n<\/tr>\n<tr class=\"row-3 odd\" role=\"row\">\n<td class=\"column-1\">Net \u00dcr\u00fcn Kodu:<\/td>\n<td class=\"column-2\">3280<\/td>\n<\/tr>\n<tr class=\"row-4 even\" role=\"row\">\n<td class=\"column-1\">\u00dcr\u00fcn Barkod:<\/td>\n<td class=\"column-2\">5400520137913<\/td>\n<\/tr>\n<tr class=\"row-5 odd\" role=\"row\">\n<td class=\"column-1\">Garanti S\u00fcresi:<\/td>\n<td class=\"column-2\">2 Y\u0131l<\/td>\n<\/tr>\n<\/tbody>\n<\/table>\n","protected":false},"featured_media":27925,"template":"","meta":[],"product_brand":[3191],"product_cat":[201,190],"product_tag":[],"class_list":{"0":"post-27924","1":"product","2":"type-product","3":"status-publish","4":"has-post-thumbnail","6":"product_brand-samsonite","7":"product_cat-notebook-sirt-cantalari","8":"product_cat-samsonite","9":"pa_marka-samsonite","10":"pa_model-ka6-01-002","11":"pa_olcu-15-6","12":"pa_seri-securipack","13":"pa_tip-notebook-sirt-cantasi","15":"first","16":"instock","17":"shipping-taxable","18":"product-type-simple"},"_links":{"self":[{"href":"https:\/\/www.netbilisim-tr.com\/en\/wp-json\/wp\/v2\/product\/27924","targetHints":{"allow":["GET"]}}],"collection":[{"href":"https:\/\/www.netbilisim-tr.com\/en\/wp-json\/wp\/v2\/product"}],"about":[{"href":"https:\/\/www.netbilisim-tr.com\/en\/wp-json\/wp\/v2\/types\/product"}],"wp:featuredmedia":[{"embeddable":true,"href":"https:\/\/www.netbilisim-tr.com\/en\/wp-json\/wp\/v2\/media\/27925"}],"wp:attachment":[{"href":"https:\/\/www.netbilisim-tr.com\/en\/wp-json\/wp\/v2\/media?parent=27924"}],"wp:term":[{"taxonomy":"product_brand","embeddable":true,"href":"https:\/\/www.netbilisim-tr.com\/en\/wp-json\/wp\/v2\/product_brand?post=27924"},{"taxonomy":"product_cat","embeddable":true,"href":"https:\/\/www.netbilisim-tr.com\/en\/wp-json\/wp\/v2\/product_cat?post=27924"},{"taxonomy":"product_tag","embeddable":true,"href":"https:\/\/www.netbilisim-tr.com\/en\/wp-json\/wp\/v2\/product_tag?post=27924"}],"curies":[{"name":"wp","href":"https:\/\/api.w.org\/{rel}","templated":true}]}}