{"id":28005,"date":"2026-02-12T14:29:05","date_gmt":"2026-02-12T11:29:05","guid":{"rendered":"https:\/\/www.netbilisim-tr.com\/urun\/samsonite-ks6-09-005-15-6-moderny-ince-notebook-cantasi-siyah\/"},"modified":"2026-03-17T16:49:12","modified_gmt":"2026-03-17T13:49:12","slug":"samsonite-ks6-09-005-15-6-moderny-ince-notebook-cantasi-siyah","status":"publish","type":"product","link":"https:\/\/www.netbilisim-tr.com\/en\/urun\/samsonite-ks6-09-005-15-6-moderny-ince-notebook-cantasi-siyah\/","title":{"rendered":"SAMSONITE KS6-09-005 15.6 Moderny \u0130nce Notebook \u00c7antas\u0131 Siyah"},"content":{"rendered":"<p>Sade \u00e7izgilerle karakterize edilen genel olarak modern bir yakla\u015f\u0131ma sahip bir seri<br \/>\nModerny, d\u0131\u015far\u0131dan minimalist, hafif ve ince; ancak i\u00e7 organizasyon ve i\u015flevsellikten \u00f6d\u00fcn vermeyen bir tarzd\u0131r<\/p>\n<p>%100 geri d\u00f6n\u00fc\u015ft\u00fcr\u00fclm\u00fc\u015f \u00e7evre dostu kuma\u015f ve astar<br \/>\nElde konforlu ta\u015f\u0131ma sa\u011flayan sa\u011flam ve ergonomik ta\u015f\u0131ma saplar\u0131<br \/>\n\u0130ste\u011fe g\u00f6re tak\u0131l\u0131p \u00e7\u0131kar\u0131labilen, uzunlu\u011fu ayarlanabilir omuz ask\u0131s\u0131<br \/>\nGeni\u015f i\u00e7 hacimli, e\u015fyalar\u0131 g\u00fcvenle saklayan ana b\u00f6lme<br \/>\nBilgisayar\u0131n\u0131z\u0131 \u00e7izilmelere ve darbelere kar\u015f\u0131 koruyan 15.6&#8217;l\u0131k \u00f6zel laptop b\u00f6lmesi<br \/>\n10.5&#8243;&#8216;Tableti ayr\u0131 ve g\u00fcvenli \u015fekilde ta\u015f\u0131man\u0131z\u0131 sa\u011flayan koruyucu i\u00e7 cep<br \/>\nYumu\u015fak dokulu ve kolay temizlenebilir kaplamal\u0131 alt b\u00f6lme<br \/>\nValiz sap\u0131na ge\u00e7irerek kolay ta\u015f\u0131ma sa\u011flayan arka bant<\/p>\n<p>**Ki\u015fiselle\u015ftirme se\u00e7enekleri T\u00fcrkiye&#8217;de ge\u00e7erli de\u011fildir.<\/p>\n<p>Teknik \u00d6zellikler:<br \/>\n\u00d6l\u00e7\u00fcler:30*41* 6 cm<br \/>\nA\u011f\u0131rl\u0131k: 0,6 kg<br \/>\nHacim: 7 L<br \/>\nRenk: Siyah<\/p>\n","protected":false},"excerpt":{"rendered":"<table id=\"tablepress-1\" class=\"tablepress tablepress-id-1 dataTable no-footer\" role=\"grid\" aria-describedby=\"tablepress-1_info\">\n<tbody class=\"row-hover\">\n<tr class=\"row-2 even\" role=\"row\">\n<td class=\"column-1\">Marka:<\/td>\n<td class=\"column-2\">SAMSONITE<\/td>\n<\/tr>\n<tr class=\"row-7 odd\" role=\"row\">\n<td class=\"column-1\">\u00dcr\u00fcn Kategorisi:<\/td>\n<td class=\"column-2\">Notebook \u00c7antalar\u0131<\/td>\n<\/tr>\n<tr class=\"row-3 odd\" role=\"row\">\n<td class=\"column-1\">Net \u00dcr\u00fcn Kodu:<\/td>\n<td class=\"column-2\">3446<\/td>\n<\/tr>\n<tr class=\"row-4 even\" role=\"row\">\n<td class=\"column-1\">\u00dcr\u00fcn Barkod:<\/td>\n<td class=\"column-2\">5400520375445<\/td>\n<\/tr>\n<tr class=\"row-5 odd\" role=\"row\">\n<td class=\"column-1\">Garanti S\u00fcresi:<\/td>\n<td class=\"column-2\">2 Y\u0131l<\/td>\n<\/tr>\n<\/tbody>\n<\/table>\n","protected":false},"featured_media":28006,"template":"","meta":[],"product_brand":[3191],"product_cat":[3226,190],"product_tag":[],"class_list":{"0":"post-28005","1":"product","2":"type-product","3":"status-publish","4":"has-post-thumbnail","6":"product_brand-samsonite","7":"product_cat-el-ve-omuz-cantasi","8":"product_cat-samsonite","9":"pa_marka-samsonite","10":"pa_model-ks6-09-005","11":"pa_olcu-15-6","12":"pa_seri-moderny","13":"pa_tip-ince-notebook-cantasi","15":"first","16":"instock","17":"shipping-taxable","18":"product-type-simple"},"_links":{"self":[{"href":"https:\/\/www.netbilisim-tr.com\/en\/wp-json\/wp\/v2\/product\/28005","targetHints":{"allow":["GET"]}}],"collection":[{"href":"https:\/\/www.netbilisim-tr.com\/en\/wp-json\/wp\/v2\/product"}],"about":[{"href":"https:\/\/www.netbilisim-tr.com\/en\/wp-json\/wp\/v2\/types\/product"}],"wp:featuredmedia":[{"embeddable":true,"href":"https:\/\/www.netbilisim-tr.com\/en\/wp-json\/wp\/v2\/media\/28006"}],"wp:attachment":[{"href":"https:\/\/www.netbilisim-tr.com\/en\/wp-json\/wp\/v2\/media?parent=28005"}],"wp:term":[{"taxonomy":"product_brand","embeddable":true,"href":"https:\/\/www.netbilisim-tr.com\/en\/wp-json\/wp\/v2\/product_brand?post=28005"},{"taxonomy":"product_cat","embeddable":true,"href":"https:\/\/www.netbilisim-tr.com\/en\/wp-json\/wp\/v2\/product_cat?post=28005"},{"taxonomy":"product_tag","embeddable":true,"href":"https:\/\/www.netbilisim-tr.com\/en\/wp-json\/wp\/v2\/product_tag?post=28005"}],"curies":[{"name":"wp","href":"https:\/\/api.w.org\/{rel}","templated":true}]}}