{"id":28166,"date":"2026-02-12T14:43:34","date_gmt":"2026-02-12T11:43:34","guid":{"rendered":"https:\/\/www.netbilisim-tr.com\/urun\/samsonite-ks6-01-004-17-3-moderny-notebook-sirt-cantasi-mavi\/"},"modified":"2026-03-17T16:50:41","modified_gmt":"2026-03-17T13:50:41","slug":"samsonite-ks6-01-004-17-3-moderny-notebook-sirt-cantasi-mavi","status":"publish","type":"product","link":"https:\/\/www.netbilisim-tr.com\/en\/urun\/samsonite-ks6-01-004-17-3-moderny-notebook-sirt-cantasi-mavi\/","title":{"rendered":"SAMSONITE KS6-01-004 17.3 Moderny Notebook S\u0131rt \u00c7antas\u0131 Mavi"},"content":{"rendered":"<p>Sade \u00e7izgilerle karakterize edilen genel olarak modern bir yakla\u015f\u0131ma sahip bir seri.<br \/>\nModerny, d\u0131\u015far\u0131dan minimalist, hafif ve ince; ancak i\u00e7 organizasyon ve i\u015flevsellikten \u00f6d\u00fcn vermeyen bir tarzd\u0131r.<\/p>\n<p>%100 geri d\u00f6n\u00fc\u015ft\u00fcr\u00fclm\u00fc\u015f \u00e7evre dostu kuma\u015f ve astar<br \/>\nHafif ve ince tasar\u0131m<br \/>\nMaksimum koruma sa\u011flayan g\u00fc\u00e7lendirilmi\u015f notebook ve tablet b\u00f6lmeleri<br \/>\nBelge ve ki\u015fisel e\u015fyalar\u0131n\u0131za uygun i\u00e7 tasar\u0131m.<br \/>\nKolay ula\u015f\u0131labilir \u00f6n cep<br \/>\nYumu\u015fak yap\u0131da, rahat ve dayan\u0131kl\u0131 ta\u015f\u0131ma kolu ve ayarlanabilir omuz ask\u0131lar\u0131<br \/>\nEasy Pass&#x2122;: Kablolar\u0131n \u00e7anta b\u00f6lmelerinden ge\u00e7mesine izin vereren kablo y\u00f6netim sistemi.<br \/>\nFermuarl\u0131 \u00f6n b\u00f6lme<br \/>\nYumu\u015fak dokulu ve kolay temizlenebilir kaplamal\u0131 alt b\u00f6lme<br \/>\nFile cepli \u015fi\u015fe tutaca\u011f\u0131<br \/>\nValiz ask\u0131s\u0131 sayesinde valizlere sabitlenebilir,kolay ta\u015f\u0131ma<\/p>\n<p>**Ki\u015fiselle\u015ftirme se\u00e7enekleri T\u00fcrkiye&#8217;de ge\u00e7erli de\u011fildir.<\/p>\n<p>Teknik \u00d6zellikler:<br \/>\n\u00d6l\u00e7\u00fcler: 46*31*19 cm<br \/>\nA\u011f\u0131rl\u0131k: 0,9 kg<br \/>\nHacim: 27 L<br \/>\nRenk: Mavi<\/p>\n","protected":false},"excerpt":{"rendered":"<table id=\"tablepress-1\" class=\"tablepress tablepress-id-1 dataTable no-footer\" role=\"grid\" aria-describedby=\"tablepress-1_info\">\n<tbody class=\"row-hover\">\n<tr class=\"row-2 even\" role=\"row\">\n<td class=\"column-1\">Marka:<\/td>\n<td class=\"column-2\">SAMSONITE<\/td>\n<\/tr>\n<tr class=\"row-7 odd\" role=\"row\">\n<td class=\"column-1\">\u00dcr\u00fcn Kategorisi:<\/td>\n<td class=\"column-2\">Notebook S\u0131rt \u00c7antalar\u0131<\/td>\n<\/tr>\n<tr class=\"row-3 odd\" role=\"row\">\n<td class=\"column-1\">Net \u00dcr\u00fcn Kodu:<\/td>\n<td class=\"column-2\">3435<\/td>\n<\/tr>\n<tr class=\"row-4 even\" role=\"row\">\n<td class=\"column-1\">\u00dcr\u00fcn Barkod:<\/td>\n<td class=\"column-2\">5400520375421<\/td>\n<\/tr>\n<tr class=\"row-5 odd\" role=\"row\">\n<td class=\"column-1\">Garanti S\u00fcresi:<\/td>\n<td class=\"column-2\">2 Y\u0131l<\/td>\n<\/tr>\n<\/tbody>\n<\/table>\n","protected":false},"featured_media":28167,"template":"","meta":[],"product_brand":[3191],"product_cat":[190,201],"product_tag":[],"class_list":{"0":"post-28166","1":"product","2":"type-product","3":"status-publish","4":"has-post-thumbnail","6":"product_brand-samsonite","7":"product_cat-samsonite","8":"product_cat-notebook-sirt-cantalari","9":"pa_marka-samsonite","10":"pa_model-ks6-01-004","11":"pa_olcu-17-3","12":"pa_seri-moderny","13":"pa_tip-notebook-sirt-cantasi","15":"first","16":"instock","17":"shipping-taxable","18":"product-type-simple"},"_links":{"self":[{"href":"https:\/\/www.netbilisim-tr.com\/en\/wp-json\/wp\/v2\/product\/28166","targetHints":{"allow":["GET"]}}],"collection":[{"href":"https:\/\/www.netbilisim-tr.com\/en\/wp-json\/wp\/v2\/product"}],"about":[{"href":"https:\/\/www.netbilisim-tr.com\/en\/wp-json\/wp\/v2\/types\/product"}],"wp:featuredmedia":[{"embeddable":true,"href":"https:\/\/www.netbilisim-tr.com\/en\/wp-json\/wp\/v2\/media\/28167"}],"wp:attachment":[{"href":"https:\/\/www.netbilisim-tr.com\/en\/wp-json\/wp\/v2\/media?parent=28166"}],"wp:term":[{"taxonomy":"product_brand","embeddable":true,"href":"https:\/\/www.netbilisim-tr.com\/en\/wp-json\/wp\/v2\/product_brand?post=28166"},{"taxonomy":"product_cat","embeddable":true,"href":"https:\/\/www.netbilisim-tr.com\/en\/wp-json\/wp\/v2\/product_cat?post=28166"},{"taxonomy":"product_tag","embeddable":true,"href":"https:\/\/www.netbilisim-tr.com\/en\/wp-json\/wp\/v2\/product_tag?post=28166"}],"curies":[{"name":"wp","href":"https:\/\/api.w.org\/{rel}","templated":true}]}}