{"id":28176,"date":"2026-02-16T15:53:40","date_gmt":"2026-02-16T12:53:40","guid":{"rendered":"https:\/\/www.netbilisim-tr.com\/urun\/ion-cz-800-kartus-pikap-ignesi\/"},"modified":"2026-03-17T16:43:48","modified_gmt":"2026-03-17T13:43:48","slug":"ion-cz-800-kartus-pikap-ignesi","status":"publish","type":"product","link":"https:\/\/www.netbilisim-tr.com\/en\/urun\/ion-cz-800-kartus-pikap-ignesi\/","title":{"rendered":"ION CZ-800 Kartu\u015f Pikap \u0130\u011fnesi"},"content":{"rendered":"<p>CZ-800-10 33 1\/3 &#038; 45 KARTU\u015e P\u0130KAP \u0130\u011eNES\u0130<\/p>\n<p>\tKARTU\u015e DE\u011e\u0130\u015e\u0130M\u0130 \u0130LE \u00c7\u0130ZG\u0130DE KALIN<br \/>\n\tKartu\u015f ve kafa tam i\u011fnenin pla\u011fa temas etti\u011fi yerde bulunmaktad\u0131r. Bir ba\u015fka de\u011fi\u015fle i\u011fnenin kayd\u0131 y\u00fcr\u00fctt\u00fc\u011f\u00fc yerdedir.<\/p>\n<p>\tSeramik kartu\u015f de\u011fi\u015fimi Classic LP, iPT01, iPTUSB, iPTUSB LE, Max LP, Mobile LP ve daha bir\u00e7ok di\u011fer ION plak\u00e7alarlara m\u00fckemmel uyum sa\u011flamaktad\u0131r (A\u015fa\u011f\u0131daki listeden kontrol edilebilirsiniz). E\u011fer i\u011fneniz zarar g\u00f6rd\u00fcyse ya da sadece yedeklemeniz gerekliyse bu kartu\u015f plak \u00e7alar\u0131n\u0131z\u0131 hem \u015fekil olarak hem de ses kalitesi olarak en y\u00fcksek d\u00fczeyde tutar.<\/p>\n<p>Kafa De\u011fi\u015fimi<\/p>\n<p>\t-Kafay\u0131 \u00e7\u0131kartmak i\u00e7in iki taraf\u0131ndan tutun ve ileri do\u011fru itin.<br \/>\n\t-Kafay\u0131 takmak i\u00e7in iki taraf\u0131ndan tutun yukar\u0131 kald\u0131r\u0131p geriye do\u011fru \u00e7ekin.<\/p>\n<p>Kartu\u015f De\u011fi\u015fimi<\/p>\n<p>\t-Kafay\u0131 eski kartu\u015ftan \u00e7\u0131kart\u0131n.<br \/>\n\t-Sol el ba\u015f parma\u011f\u0131n\u0131z ile \u00f6n t\u0131rna\u011f\u0131n alt\u0131ndan ve sol elinizin i\u015faret parma\u011f\u0131 ile kafa kabu\u011funun arkas\u0131ndan tutun.<br \/>\n\t-Eski kartu\u015fu sa\u011f elinizin ba\u015f parma\u011f\u0131 ve i\u015faret parma\u011f\u0131 ile tutun. Sa\u011f eliniz ile dikkatlice a\u015fa\u011f\u0131 ve ileri iterken sol elinizle yukar\u0131 \u00e7ekin.<br \/>\n\t-Metal t\u0131rnaklardan \u00e7ekerek kartu\u015fun arkas\u0131ndaki kablolar\u0131 dikkatlice \u00e7\u0131kar\u0131n\u0131z.<br \/>\n\t-Kafa koruyucusunu ve kafay\u0131 yeni kartu\u015ftan \u00e7\u0131kart\u0131n\u0131z.<br \/>\n\t-Kablolar\u0131 yeni kartu\u015fa ba\u011flay\u0131n. Siyah kablolu tek metal konekt\u00f6r, birbirine daha yak\u0131n olan alt direklere gider.<br \/>\n\t-Kartu\u015fu takt\u0131\u011f\u0131n\u0131z y\u00f6nden bakt\u0131\u011f\u0131n\u0131zda k\u0131rm\u0131z\u0131 kablo \u00fcste, beyaz kablo ise sa\u011f \u00fcste denk gelir.<br \/>\n\t-Kartu\u015fu, ba\u015fparmak kartu\u015fun alt\u0131nda ve i\u015faret parma\u011f\u0131 ba\u015fl\u0131\u011f\u0131n \u00fcst\u00fcnde olacak \u015fekilde ba\u015f kabu\u011funun alt\u0131na yerle\u015ftirerek yeniden ba\u011flay\u0131n.<br \/>\n\t-\u0130kisini de dikkatlice s\u0131k\u0131n. &#8220;Hafif&#8221; bir ge\u00e7me olur. Kartu\u015f s\u0131k\u0131ca oturmal\u0131d\u0131r.<br \/>\n\t-Yeni kafay\u0131 yeni kartu\u015fa tak\u0131n.<\/p>\n<p>CZ-800 Kartu\u015f Pikap \u0130\u011fnesinin uyumlu oldu\u011fu modeller:<\/p>\n<p>&#8221;\tPremier LP<br \/>\n&#8221;\tClassic LP<br \/>\n&#8221;\tMax LP<br \/>\n&#8221;\tMobile LP<br \/>\n&#8221;\tiPTUSB<br \/>\n&#8221;\tArchive LP<br \/>\n&#8221;\tForever LP<br \/>\n&#8221;\tLive LP<br \/>\n&#8221;\tPower Play<br \/>\n&#8221;\tQuick Play Flash<br \/>\n&#8221;\tQuick Play LP<br \/>\n&#8221;\tVinyl Motion<br \/>\n&#8221;\tVinyl Motion Deluxe<br \/>\n&#8221;\tAir LP<br \/>\n&#8221;\tDuo Deck<br \/>\n&#8221;\tiLP<br \/>\n&#8221;\tLP 2 GO<br \/>\n&#8221;\tCD Direct<br \/>\n&#8221;\tiProfile<br \/>\n&#8221;\tProfile LP<br \/>\n&#8221;\tProfile Pro<\/p>\n","protected":false},"excerpt":{"rendered":"<table id=\"tablepress-1\" class=\"tablepress tablepress-id-1 dataTable no-footer\" role=\"grid\" aria-describedby=\"tablepress-1_info\">\n<tbody class=\"row-hover\">\n<tr class=\"row-2 even\" role=\"row\">\n<td class=\"column-1\">Marka:<\/td>\n<td class=\"column-2\">ION<\/td>\n<\/tr>\n<tr class=\"row-7 odd\" role=\"row\">\n<td class=\"column-1\">\u00dcr\u00fcn Kategorisi:<\/td>\n<td class=\"column-2\">Plak\u00e7alar Aksesuarlar\u0131<\/td>\n<\/tr>\n<tr class=\"row-3 odd\" role=\"row\">\n<td class=\"column-1\">Net \u00dcr\u00fcn Kodu:<\/td>\n<td class=\"column-2\">1730<\/td>\n<\/tr>\n<tr class=\"row-4 even\" role=\"row\">\n<td class=\"column-1\">\u00dcr\u00fcn Barkod:<\/td>\n<td class=\"column-2\">8127150175074<\/td>\n<\/tr>\n<tr class=\"row-5 odd\" role=\"row\">\n<td class=\"column-1\">Garanti S\u00fcresi:<\/td>\n<td class=\"column-2\">2 Y\u0131l<\/td>\n<\/tr>\n<\/tbody>\n<\/table>\n","protected":false},"featured_media":28177,"template":"","meta":[],"product_brand":[3194],"product_cat":[1682,3253],"product_tag":[],"class_list":{"0":"post-28176","1":"product","2":"type-product","3":"status-publish","4":"has-post-thumbnail","6":"product_brand-ion","7":"product_cat-ion-en","8":"product_cat-plakcalar-aksesuarlari","9":"pa_marka-ion-en","10":"pa_model-cz-800-en","11":"pa_tip-turntable-needle","13":"first","14":"instock","15":"shipping-taxable","16":"product-type-simple"},"_links":{"self":[{"href":"https:\/\/www.netbilisim-tr.com\/en\/wp-json\/wp\/v2\/product\/28176","targetHints":{"allow":["GET"]}}],"collection":[{"href":"https:\/\/www.netbilisim-tr.com\/en\/wp-json\/wp\/v2\/product"}],"about":[{"href":"https:\/\/www.netbilisim-tr.com\/en\/wp-json\/wp\/v2\/types\/product"}],"wp:featuredmedia":[{"embeddable":true,"href":"https:\/\/www.netbilisim-tr.com\/en\/wp-json\/wp\/v2\/media\/28177"}],"wp:attachment":[{"href":"https:\/\/www.netbilisim-tr.com\/en\/wp-json\/wp\/v2\/media?parent=28176"}],"wp:term":[{"taxonomy":"product_brand","embeddable":true,"href":"https:\/\/www.netbilisim-tr.com\/en\/wp-json\/wp\/v2\/product_brand?post=28176"},{"taxonomy":"product_cat","embeddable":true,"href":"https:\/\/www.netbilisim-tr.com\/en\/wp-json\/wp\/v2\/product_cat?post=28176"},{"taxonomy":"product_tag","embeddable":true,"href":"https:\/\/www.netbilisim-tr.com\/en\/wp-json\/wp\/v2\/product_tag?post=28176"}],"curies":[{"name":"wp","href":"https:\/\/api.w.org\/{rel}","templated":true}]}}