{"id":28182,"date":"2026-02-16T15:54:23","date_gmt":"2026-02-16T12:54:23","guid":{"rendered":"https:\/\/www.netbilisim-tr.com\/urun\/texas-ins-n2bt-bkt-b-sarj-edilebilir-batarya\/"},"modified":"2026-03-17T16:43:50","modified_gmt":"2026-03-17T13:43:50","slug":"texas-ins-n2bt-bkt-b-sarj-edilebilir-batarya","status":"publish","type":"product","link":"https:\/\/www.netbilisim-tr.com\/en\/urun\/texas-ins-n2bt-bkt-b-sarj-edilebilir-batarya\/","title":{"rendered":"TEXAS INS. N2BT\/BKT\/B \u015earj Edilebilir Batarya"},"content":{"rendered":"<p>&#8221;\tMarka: Texas Instruments<br \/>\n&#8221;\tA\u011f\u0131rl\u0131k: 99.8 g<br \/>\n&#8221;\tBoyut: 28&#215;20.4&#215;1.6 cm<br \/>\n&#8221;\tRenk: Siyah<br \/>\n&#8221;\t\u00dcretici Parti Numaras\u0131: 3.7L1200SPB<br \/>\n&#8221;\tTexas Instruments N2BT \u015farj edilebilir batarya.<\/p>\n","protected":false},"excerpt":{"rendered":"<table id=\"tablepress-1\" class=\"tablepress tablepress-id-1 dataTable no-footer\" role=\"grid\" aria-describedby=\"tablepress-1_info\">\n<tbody class=\"row-hover\">\n<tr class=\"row-2 even\" role=\"row\">\n<td class=\"column-1\">Marka:<\/td>\n<td class=\"column-2\">TEXAS INS.<\/td>\n<\/tr>\n<tr class=\"row-7 odd\" role=\"row\">\n<td class=\"column-1\">\u00dcr\u00fcn Kategorisi:<\/td>\n<td class=\"column-2\">Hesap Makinesi Aksesuar<\/td>\n<\/tr>\n<tr class=\"row-3 odd\" role=\"row\">\n<td class=\"column-1\">Net \u00dcr\u00fcn Kodu:<\/td>\n<td class=\"column-2\">1783<\/td>\n<\/tr>\n<tr class=\"row-4 even\" role=\"row\">\n<td class=\"column-1\">\u00dcr\u00fcn Barkod:<\/td>\n<td class=\"column-2\">3243480105088<\/td>\n<\/tr>\n<tr class=\"row-5 odd\" role=\"row\">\n<td class=\"column-1\">Garanti S\u00fcresi:<\/td>\n<td class=\"column-2\">2 Y\u0131l<\/td>\n<\/tr>\n<\/tbody>\n<\/table>\n","protected":false},"featured_media":28183,"template":"","meta":[],"product_brand":[3192],"product_cat":[373,3066],"product_tag":[],"class_list":{"0":"post-28182","1":"product","2":"type-product","3":"status-publish","4":"has-post-thumbnail","6":"product_brand-texas-ins","7":"product_cat-texas-ins","8":"product_cat-hesap-makinasi-aksesuarlari","9":"pa_marka-texas-ins","11":"first","12":"instock","13":"shipping-taxable","14":"product-type-simple"},"_links":{"self":[{"href":"https:\/\/www.netbilisim-tr.com\/en\/wp-json\/wp\/v2\/product\/28182","targetHints":{"allow":["GET"]}}],"collection":[{"href":"https:\/\/www.netbilisim-tr.com\/en\/wp-json\/wp\/v2\/product"}],"about":[{"href":"https:\/\/www.netbilisim-tr.com\/en\/wp-json\/wp\/v2\/types\/product"}],"wp:featuredmedia":[{"embeddable":true,"href":"https:\/\/www.netbilisim-tr.com\/en\/wp-json\/wp\/v2\/media\/28183"}],"wp:attachment":[{"href":"https:\/\/www.netbilisim-tr.com\/en\/wp-json\/wp\/v2\/media?parent=28182"}],"wp:term":[{"taxonomy":"product_brand","embeddable":true,"href":"https:\/\/www.netbilisim-tr.com\/en\/wp-json\/wp\/v2\/product_brand?post=28182"},{"taxonomy":"product_cat","embeddable":true,"href":"https:\/\/www.netbilisim-tr.com\/en\/wp-json\/wp\/v2\/product_cat?post=28182"},{"taxonomy":"product_tag","embeddable":true,"href":"https:\/\/www.netbilisim-tr.com\/en\/wp-json\/wp\/v2\/product_tag?post=28182"}],"curies":[{"name":"wp","href":"https:\/\/api.w.org\/{rel}","templated":true}]}}