{"id":28266,"date":"2026-02-16T16:04:49","date_gmt":"2026-02-16T13:04:49","guid":{"rendered":"https:\/\/www.netbilisim-tr.com\/urun\/samsonite-cm5-01-002-13-3-guard-it-2-0-notebook-cantasi-mavi\/"},"modified":"2026-03-17T16:44:21","modified_gmt":"2026-03-17T13:44:21","slug":"samsonite-cm5-01-002-13-3-guard-it-2-0-notebook-cantasi-mavi","status":"publish","type":"product","link":"https:\/\/www.netbilisim-tr.com\/en\/urun\/samsonite-cm5-01-002-13-3-guard-it-2-0-notebook-cantasi-mavi\/","title":{"rendered":"SAMSONITE CM5-01-002 13.3 Guard IT 2.0 Notebook \u00c7antas\u0131 Mavi"},"content":{"rendered":"<p>* Her ya\u015fa uygun modern ve zarif tasar\u0131m<br \/>\n* Zengin g\u00f6r\u00fcn\u00fcml\u00fc metal Samsonite logosu<br \/>\n* \u00d6nde kolay eri\u015fimli fermuarl\u0131 aksesuar cebi<br \/>\n* K\u00f6r\u00fckl\u00fc ve organizasyon b\u00f6l\u00fcml\u00fc fermuarl\u0131 \u00f6n b\u00f6l\u00fcm<br \/>\n* Belgeler i\u00e7in ayr\u0131 bir organizasyon b\u00f6l\u00fcm\u00fcne sahip ana b\u00f6lme<br \/>\n* \u00dcst\u00fcn koruma sa\u011flayan g\u00fc\u00e7lendirilmi\u015f laptop ve tablet b\u00f6l\u00fcm\u00fc<br \/>\n* Elektronik cihazlar\u0131 sabitlemek i\u00e7in ayarlanabilir koruma kay\u0131\u015f\u0131<br \/>\n* Yumu\u015fak yap\u0131da rahat ve dayan\u0131kl\u0131 tutma kollar\u0131<br \/>\n* \u00c7ek\u00e7ekli \u00e7antalara entegre edilmeye imkan sa\u011flayan arka b\u00f6l\u00fcm<br \/>\n* Ayarlanabilir ve \u00e7\u0131kar\u0131labilir omuz ask\u0131s\u0131<br \/>\n* \u00d6l\u00e7\u00fcler: 24,5 x 34,5 x 7 cm<br \/>\n* Hacim: 9,5 lt<br \/>\n* A\u011f\u0131rl\u0131k: 0,55 kg<\/p>\n","protected":false},"excerpt":{"rendered":"<table id=\"tablepress-1\" class=\"tablepress tablepress-id-1 dataTable no-footer\" role=\"grid\" aria-describedby=\"tablepress-1_info\">\n<tbody class=\"row-hover\">\n<tr class=\"row-2 even\" role=\"row\">\n<td class=\"column-1\">Marka:<\/td>\n<td class=\"column-2\">SAMSONITE<\/td>\n<\/tr>\n<tr class=\"row-7 odd\" role=\"row\">\n<td class=\"column-1\">\u00dcr\u00fcn Kategorisi:<\/td>\n<td class=\"column-2\">Notebook \u00c7antalar\u0131<\/td>\n<\/tr>\n<tr class=\"row-3 odd\" role=\"row\">\n<td class=\"column-1\">Net \u00dcr\u00fcn Kodu:<\/td>\n<td class=\"column-2\">2672<\/td>\n<\/tr>\n<tr class=\"row-4 even\" role=\"row\">\n<td class=\"column-1\">\u00dcr\u00fcn Barkod:<\/td>\n<td class=\"column-2\">5414847909177<\/td>\n<\/tr>\n<tr class=\"row-5 odd\" role=\"row\">\n<td class=\"column-1\">Garanti S\u00fcresi:<\/td>\n<td class=\"column-2\">2 Y\u0131l<\/td>\n<\/tr>\n<\/tbody>\n<\/table>\n","protected":false},"featured_media":28267,"template":"","meta":[],"product_brand":[3191],"product_cat":[3226,1704],"product_tag":[],"class_list":{"0":"post-28266","1":"product","2":"type-product","3":"status-publish","4":"has-post-thumbnail","6":"product_brand-samsonite","7":"product_cat-el-ve-omuz-cantasi","8":"product_cat-samsonite-en","9":"pa_marka-samsonite-en","10":"pa_model-cm5-01-002-en","11":"pa_olcu-13-3","12":"pa_seri-guard-it-2-0-en","13":"pa_tip-notebook-bag-en","15":"first","16":"instock","17":"shipping-taxable","18":"product-type-simple"},"_links":{"self":[{"href":"https:\/\/www.netbilisim-tr.com\/en\/wp-json\/wp\/v2\/product\/28266","targetHints":{"allow":["GET"]}}],"collection":[{"href":"https:\/\/www.netbilisim-tr.com\/en\/wp-json\/wp\/v2\/product"}],"about":[{"href":"https:\/\/www.netbilisim-tr.com\/en\/wp-json\/wp\/v2\/types\/product"}],"wp:featuredmedia":[{"embeddable":true,"href":"https:\/\/www.netbilisim-tr.com\/en\/wp-json\/wp\/v2\/media\/28267"}],"wp:attachment":[{"href":"https:\/\/www.netbilisim-tr.com\/en\/wp-json\/wp\/v2\/media?parent=28266"}],"wp:term":[{"taxonomy":"product_brand","embeddable":true,"href":"https:\/\/www.netbilisim-tr.com\/en\/wp-json\/wp\/v2\/product_brand?post=28266"},{"taxonomy":"product_cat","embeddable":true,"href":"https:\/\/www.netbilisim-tr.com\/en\/wp-json\/wp\/v2\/product_cat?post=28266"},{"taxonomy":"product_tag","embeddable":true,"href":"https:\/\/www.netbilisim-tr.com\/en\/wp-json\/wp\/v2\/product_tag?post=28266"}],"curies":[{"name":"wp","href":"https:\/\/api.w.org\/{rel}","templated":true}]}}