{"id":28365,"date":"2026-02-16T16:13:03","date_gmt":"2026-02-16T13:13:03","guid":{"rendered":"https:\/\/www.netbilisim-tr.com\/urun\/canon-hs-20-tsc-12-hane-masa-ustu-hesap-makinesi\/"},"modified":"2026-02-23T20:36:45","modified_gmt":"2026-02-23T17:36:45","slug":"canon-hs-20-tsc-12-hane-masa-ustu-hesap-makinesi","status":"publish","type":"product","link":"https:\/\/www.netbilisim-tr.com\/en\/urun\/canon-hs-20-tsc-12-hane-masa-ustu-hesap-makinesi\/","title":{"rendered":"CANON HS-20 TSC 12 Hane Masa \u00dcst\u00fc Hesap Makinesi"},"content":{"rendered":"<p>&#8221;\t12 hane<br \/>\n&#8221;\tPil ve g\u00fcne\u015f enerjisiyle \u00e7al\u0131\u015fabilme<br \/>\n&#8221;\tVergi hesaplamas\u0131<br \/>\n&#8221;\tPara birimi d\u00f6n\u00fc\u015ft\u00fcrme<br \/>\n&#8221;\tKolay g\u00f6r\u00fcnt\u00fcleme i\u00e7in katlanabilir arka ayak<br \/>\n&#8221;\t\u00d6nceden belirlenmi\u015f vergi oranlar\u0131n\u0131 tek tu\u015fla ekleyip \u00e7\u0131karabilme<br \/>\n&#8221;\tMaliyet, sat\u0131\u015f fiyat\u0131 ve kar marj\u0131 hesaplayabilme<br \/>\n&#8221;\t00 tu\u015fu<br \/>\n&#8221;\tTicari hesaplama<br \/>\n&#8221;\t%100 geri d\u00f6n\u00fc\u015f\u00fcml\u00fc \u00e7evreci malzeme<br \/>\n&#8221;\t\u00d6l\u00e7\u00fcler: 180mm x 108mm x 26mm<br \/>\n&#8221;\tA\u011f\u0131rl\u0131k: 159 gr<\/p>\n","protected":false},"excerpt":{"rendered":"<table id=\"tablepress-1\" class=\"tablepress tablepress-id-1 dataTable no-footer\" role=\"grid\" aria-describedby=\"tablepress-1_info\">\n<tbody class=\"row-hover\">\n<tr class=\"row-2 even\" role=\"row\">\n<td class=\"column-1\">Marka:<\/td>\n<td class=\"column-2\">CANON<\/td>\n<\/tr>\n<tr class=\"row-7 odd\" role=\"row\">\n<td class=\"column-1\">\u00dcr\u00fcn Kategorisi:<\/td>\n<td class=\"column-2\">Masa \u00dcst\u00fc Hesap Makineleri<\/td>\n<\/tr>\n<tr class=\"row-3 odd\" role=\"row\">\n<td class=\"column-1\">Net \u00dcr\u00fcn Kodu:<\/td>\n<td class=\"column-2\">2728<\/td>\n<\/tr>\n<tr class=\"row-4 even\" role=\"row\">\n<td class=\"column-1\">\u00dcr\u00fcn Barkod:<\/td>\n<td class=\"column-2\">4549292104646<\/td>\n<\/tr>\n<tr class=\"row-5 odd\" role=\"row\">\n<td class=\"column-1\">Garanti S\u00fcresi:<\/td>\n<td class=\"column-2\">2 Y\u0131l<\/td>\n<\/tr>\n<\/tbody>\n<\/table>\n","protected":false},"featured_media":28366,"template":"","meta":[],"product_brand":[3193],"product_cat":[1680,1687],"product_tag":[],"class_list":{"0":"post-28365","1":"product","2":"type-product","3":"status-publish","4":"has-post-thumbnail","6":"product_brand-canon","7":"product_cat-canon-en","8":"product_cat-desktop-calculators-en","9":"pa_hane-sayisi-12-digit","10":"pa_marka-canon-en","11":"pa_model-hs-20-tsc-en","12":"pa_tip-calculator","13":"pa_turu-desktop","15":"first","16":"instock","17":"shipping-taxable","18":"product-type-simple"},"_links":{"self":[{"href":"https:\/\/www.netbilisim-tr.com\/en\/wp-json\/wp\/v2\/product\/28365","targetHints":{"allow":["GET"]}}],"collection":[{"href":"https:\/\/www.netbilisim-tr.com\/en\/wp-json\/wp\/v2\/product"}],"about":[{"href":"https:\/\/www.netbilisim-tr.com\/en\/wp-json\/wp\/v2\/types\/product"}],"wp:featuredmedia":[{"embeddable":true,"href":"https:\/\/www.netbilisim-tr.com\/en\/wp-json\/wp\/v2\/media\/28366"}],"wp:attachment":[{"href":"https:\/\/www.netbilisim-tr.com\/en\/wp-json\/wp\/v2\/media?parent=28365"}],"wp:term":[{"taxonomy":"product_brand","embeddable":true,"href":"https:\/\/www.netbilisim-tr.com\/en\/wp-json\/wp\/v2\/product_brand?post=28365"},{"taxonomy":"product_cat","embeddable":true,"href":"https:\/\/www.netbilisim-tr.com\/en\/wp-json\/wp\/v2\/product_cat?post=28365"},{"taxonomy":"product_tag","embeddable":true,"href":"https:\/\/www.netbilisim-tr.com\/en\/wp-json\/wp\/v2\/product_tag?post=28365"}],"curies":[{"name":"wp","href":"https:\/\/api.w.org\/{rel}","templated":true}]}}