{"id":28379,"date":"2026-02-16T16:14:14","date_gmt":"2026-02-16T13:14:14","guid":{"rendered":"https:\/\/www.netbilisim-tr.com\/urun\/samsonite-cm5-09-009-15-6-guard-it-2-0-rolling-notebook-sirt-cantasi-siyah\/"},"modified":"2026-03-17T16:44:46","modified_gmt":"2026-03-17T13:44:46","slug":"samsonite-cm5-09-009-15-6-guard-it-2-0-rolling-notebook-sirt-cantasi-siyah","status":"publish","type":"product","link":"https:\/\/www.netbilisim-tr.com\/en\/urun\/samsonite-cm5-09-009-15-6-guard-it-2-0-rolling-notebook-sirt-cantasi-siyah\/","title":{"rendered":"SAMSONITE CM5-09-009 15.6 Guard IT 2.0 Rolling Notebook S\u0131rt \u00c7antas\u0131 Siyah"},"content":{"rendered":"<p>* Her ya\u015fa uygun modern ve zarif tasar\u0131m<br \/>\n* Zengin g\u00f6r\u00fcn\u00fcml\u00fc metal Samsonite logosu<br \/>\n* Ki\u015fisel e\u015fyalar i\u00e7in \u00f6nde kolay eri\u015fimli fermuarl\u0131 aksesuar cebi<br \/>\n* Belgeleriniz i\u00e7in organizasyon b\u00f6l\u00fcm\u00fcne ve kablolar ve aksesuarlar i\u00e7in ekstra bir fermuarl\u0131 cebe sahip i\u015f b\u00f6lmesi<br \/>\n* \u00dcst\u00fcn koruma sa\u011flayan g\u00fc\u00e7lendirilmi\u015f laptop ve tablet b\u00f6l\u00fcm\u00fc<br \/>\n* Giyim e\u015fyalar\u0131 i\u00e7in elastik banta sahip k\u00f6r\u00fckl\u00fc ana b\u00f6lme<br \/>\n* \u0130ki adet fileli yan cep<br \/>\n* G\u00fcne\u015f g\u00f6zl\u00fc\u011f\u00fc, biletler ve di\u011fer k\u00fc\u00e7\u00fck e\u015fyalar i\u00e7in yumu\u015fak dokunu\u015flu \u00fcst servis cebi<br \/>\n* Tekerlek ile kullan\u0131m i\u00e7in teleskobik tutma kolu ve kullan\u0131lmad\u0131\u011f\u0131nda kolu gizleme imkan\u0131 sa\u011flayan \u00fcst fermuar<br \/>\n* \u00c7ek\u00e7ekli \u00e7antalara entegre edilmeye imkan sa\u011flayan arka b\u00f6l\u00fcm<br \/>\n* Kullan\u0131m konforu sunan rahat ve yumu\u015fak s\u0131rt dayana\u011f\u0131<br \/>\n* Yumu\u015fak yap\u0131da rahat ve dayan\u0131kl\u0131 tutma kolu<br \/>\n* \u00d6l\u00e7\u00fcler: 33,5 x 48 x 20 cm<br \/>\n* Hacim: 29 Litre<br \/>\n* A\u011f\u0131rl\u0131k: 2,0 kg<br \/>\n* Renk: Siyah<\/p>\n","protected":false},"excerpt":{"rendered":"<table id=\"tablepress-1\" class=\"tablepress tablepress-id-1 dataTable no-footer\" role=\"grid\" aria-describedby=\"tablepress-1_info\">\n<tbody class=\"row-hover\">\n<tr class=\"row-2 even\" role=\"row\">\n<td class=\"column-1\">Marka:<\/td>\n<td class=\"column-2\">SAMSONITE<\/td>\n<\/tr>\n<tr class=\"row-7 odd\" role=\"row\">\n<td class=\"column-1\">\u00dcr\u00fcn Kategorisi:<\/td>\n<td class=\"column-2\">Seyahat \u00c7antalar\u0131<\/td>\n<\/tr>\n<tr class=\"row-3 odd\" role=\"row\">\n<td class=\"column-1\">Net \u00dcr\u00fcn Kodu:<\/td>\n<td class=\"column-2\">2732<\/td>\n<\/tr>\n<tr class=\"row-4 even\" role=\"row\">\n<td class=\"column-1\">\u00dcr\u00fcn Barkod:<\/td>\n<td class=\"column-2\">5414847909375<\/td>\n<\/tr>\n<tr class=\"row-5 odd\" role=\"row\">\n<td class=\"column-1\">Garanti S\u00fcresi:<\/td>\n<td class=\"column-2\">2 Y\u0131l<\/td>\n<\/tr>\n<\/tbody>\n<\/table>\n","protected":false},"featured_media":28380,"template":"","meta":[],"product_brand":[3191],"product_cat":[1704,2861],"product_tag":[],"class_list":{"0":"post-28379","1":"product","2":"type-product","3":"status-publish","4":"has-post-thumbnail","6":"product_brand-samsonite","7":"product_cat-samsonite-en","8":"product_cat-wheeled-bags","9":"pa_marka-samsonite-en","10":"pa_model-cm5-09-009-en","11":"pa_olcu-15-6","12":"pa_seri-guard-it-2-0-en","13":"pa_tip-rolling-notebook-sirt-cantasi","15":"first","16":"instock","17":"shipping-taxable","18":"product-type-simple"},"_links":{"self":[{"href":"https:\/\/www.netbilisim-tr.com\/en\/wp-json\/wp\/v2\/product\/28379","targetHints":{"allow":["GET"]}}],"collection":[{"href":"https:\/\/www.netbilisim-tr.com\/en\/wp-json\/wp\/v2\/product"}],"about":[{"href":"https:\/\/www.netbilisim-tr.com\/en\/wp-json\/wp\/v2\/types\/product"}],"wp:featuredmedia":[{"embeddable":true,"href":"https:\/\/www.netbilisim-tr.com\/en\/wp-json\/wp\/v2\/media\/28380"}],"wp:attachment":[{"href":"https:\/\/www.netbilisim-tr.com\/en\/wp-json\/wp\/v2\/media?parent=28379"}],"wp:term":[{"taxonomy":"product_brand","embeddable":true,"href":"https:\/\/www.netbilisim-tr.com\/en\/wp-json\/wp\/v2\/product_brand?post=28379"},{"taxonomy":"product_cat","embeddable":true,"href":"https:\/\/www.netbilisim-tr.com\/en\/wp-json\/wp\/v2\/product_cat?post=28379"},{"taxonomy":"product_tag","embeddable":true,"href":"https:\/\/www.netbilisim-tr.com\/en\/wp-json\/wp\/v2\/product_tag?post=28379"}],"curies":[{"name":"wp","href":"https:\/\/api.w.org\/{rel}","templated":true}]}}