{"id":28415,"date":"2026-02-16T16:17:45","date_gmt":"2026-02-16T13:17:45","guid":{"rendered":"https:\/\/www.netbilisim-tr.com\/urun\/texas-ins-ti-84-plus-ce-t-python-edition-grafik-hesap-makinesi\/"},"modified":"2026-03-17T16:44:58","modified_gmt":"2026-03-17T13:44:58","slug":"texas-ins-ti-84-plus-ce-t-python-edition-grafik-hesap-makinesi","status":"publish","type":"product","link":"https:\/\/www.netbilisim-tr.com\/en\/urun\/texas-ins-ti-84-plus-ce-t-python-edition-grafik-hesap-makinesi\/","title":{"rendered":"TEXAS INS. TI-84 PLUS CE-T Python Edition Grafik Hesap Makinesi"},"content":{"rendered":"<p>Modern Design<br \/>\n\u00bb Hafif oldu\u011fundan mobil kullan\u0131m i\u00e7in idealdir<br \/>\n\u00bb Y\u00fcksek \u00e7\u00f6z\u00fcn\u00fcrl\u00fckl\u00fc, ayd\u0131nlatmal\u0131 renkli ekran<br \/>\n\u00bb Tan\u0131d\u0131k TI-84 Plus \u00f6zellikleri<br \/>\n\u00bb \u015earj edilebilir<\/p>\n<p>Fonksiyonlar<br \/>\n\u00bb Resimler kolayca aktar\u0131l\u0131p kullan\u0131labilir<br \/>\n\u00bb Bilgisayara ba\u011flanmak veya TI-84 ailesindeki ba\u015fka grafik hesap makinelerle ileti\u015fim kurmak i\u00e7in USB portu<\/p>\n","protected":false},"excerpt":{"rendered":"<table id=\"tablepress-1\" class=\"tablepress tablepress-id-1 dataTable no-footer\" role=\"grid\" aria-describedby=\"tablepress-1_info\">\n<tbody class=\"row-hover\">\n<tr class=\"row-2 even\" role=\"row\">\n<td class=\"column-1\">Marka:<\/td>\n<td class=\"column-2\">TEXAS INS.<\/td>\n<\/tr>\n<tr class=\"row-7 odd\" role=\"row\">\n<td class=\"column-1\">\u00dcr\u00fcn Kategorisi:<\/td>\n<td class=\"column-2\">Grafik Hesap Makineleri<\/td>\n<\/tr>\n<tr class=\"row-3 odd\" role=\"row\">\n<td class=\"column-1\">Net \u00dcr\u00fcn Kodu:<\/td>\n<td class=\"column-2\">2829<\/td>\n<\/tr>\n<tr class=\"row-4 even\" role=\"row\">\n<td class=\"column-1\">\u00dcr\u00fcn Barkod:<\/td>\n<td class=\"column-2\">3243480106856<\/td>\n<\/tr>\n<tr class=\"row-5 odd\" role=\"row\">\n<td class=\"column-1\">Garanti S\u00fcresi:<\/td>\n<td class=\"column-2\"><\/td>\n<\/tr>\n<\/tbody>\n<\/table>\n","protected":false},"featured_media":28416,"template":"","meta":[],"product_brand":[3192],"product_cat":[1720,1708],"product_tag":[],"class_list":{"0":"post-28415","1":"product","2":"type-product","3":"status-publish","4":"has-post-thumbnail","6":"product_brand-texas-ins","7":"product_cat-graphic-calculators","8":"product_cat-texas-ins-en","9":"pa_marka-texas-ins-en","10":"pa_model-ti-84-plus-ce-t-en","11":"pa_tip-calculator","12":"pa_turu-python-edition-graphics","14":"first","15":"instock","16":"shipping-taxable","17":"product-type-simple"},"_links":{"self":[{"href":"https:\/\/www.netbilisim-tr.com\/en\/wp-json\/wp\/v2\/product\/28415","targetHints":{"allow":["GET"]}}],"collection":[{"href":"https:\/\/www.netbilisim-tr.com\/en\/wp-json\/wp\/v2\/product"}],"about":[{"href":"https:\/\/www.netbilisim-tr.com\/en\/wp-json\/wp\/v2\/types\/product"}],"wp:featuredmedia":[{"embeddable":true,"href":"https:\/\/www.netbilisim-tr.com\/en\/wp-json\/wp\/v2\/media\/28416"}],"wp:attachment":[{"href":"https:\/\/www.netbilisim-tr.com\/en\/wp-json\/wp\/v2\/media?parent=28415"}],"wp:term":[{"taxonomy":"product_brand","embeddable":true,"href":"https:\/\/www.netbilisim-tr.com\/en\/wp-json\/wp\/v2\/product_brand?post=28415"},{"taxonomy":"product_cat","embeddable":true,"href":"https:\/\/www.netbilisim-tr.com\/en\/wp-json\/wp\/v2\/product_cat?post=28415"},{"taxonomy":"product_tag","embeddable":true,"href":"https:\/\/www.netbilisim-tr.com\/en\/wp-json\/wp\/v2\/product_tag?post=28415"}],"curies":[{"name":"wp","href":"https:\/\/api.w.org\/{rel}","templated":true}]}}