{"id":28489,"date":"2026-02-16T16:21:44","date_gmt":"2026-02-16T13:21:44","guid":{"rendered":"https:\/\/www.netbilisim-tr.com\/urun\/samsonite-kb3-09-001-14-1-securipak-notebook-sirt-cantasi-siyah\/"},"modified":"2026-03-17T16:45:19","modified_gmt":"2026-03-17T13:45:19","slug":"samsonite-kb3-09-001-14-1-securipak-notebook-sirt-cantasi-siyah","status":"publish","type":"product","link":"https:\/\/www.netbilisim-tr.com\/en\/urun\/samsonite-kb3-09-001-14-1-securipak-notebook-sirt-cantasi-siyah\/","title":{"rendered":"SAMSONITE KB3-09-001 14.1 Securipak Notebook S\u0131rt \u00c7antas\u0131 Siyah"},"content":{"rendered":"<p>&#8221;\tSuya ve \u00e7evresel etkenlere kar\u015f\u0131 dayan\u0131kl\u0131, esnek ve \u00e7evreye duyarl\u0131 kuma\u015f teknolojisi<br \/>\n&#8221;\tAna b\u00f6lmenin arkadan eri\u015filebilir yap\u0131s\u0131 ve \u00f6n katmanlar aras\u0131nda kullan\u0131lan kesilmeye kar\u015f\u0131 dayan\u0131kl\u0131 astar sayesinde h\u0131rs\u0131zl\u0131\u011fa kar\u015f\u0131 maksimum koruma<br \/>\n&#8221;\tKontrol noktalar\u0131nda bilgisayar\u0131n \u00e7anta d\u0131\u015f\u0131na \u00e7\u0131kar\u0131lmas\u0131na gerek b\u0131rakmayan ergonomik tam a\u00e7\u0131l\u0131r tasar\u0131m<br \/>\n&#8221;\t\u00dcst\u00fcn koruma sa\u011flayan g\u00fc\u00e7lendirilmi\u015f laptop ve tablet b\u00f6l\u00fcm\u00fc<br \/>\n&#8221;\tOfis malzemeleri i\u00e7in ekstra fermuarl\u0131 cebe sahip i\u00e7 organizasyon b\u00f6l\u00fcm\u00fc<br \/>\n&#8221;\tGece kullan\u0131m\u0131nda fark\u0131ndal\u0131\u011f\u0131 artt\u0131rmak i\u00e7in reflekt\u00f6rl\u00fc \u00f6n \u015ferit<br \/>\n&#8221;\t\u0130ki yanda kredi kart\u0131, c\u00fczdan gibi e\u015fyalar\u0131n saklanabilece\u011fi g\u00fcvenli ancak kolay eri\u015filebilir cepler<br \/>\n&#8221;\t\u00dcstte kolay eri\u015filebilir g\u00f6zl\u00fck ve aksesuar cebi<br \/>\n&#8221;\tDahili USB port<br \/>\n&#8221;\t\u00c7ek \u00e7ekli \u00e7antalara entegre edilmeye imkan sa\u011flayan arka b\u00f6l\u00fcm<br \/>\n&#8221;\tBoyutlar: 29.5 x 38.5 x 12.5 cm<br \/>\n&#8221;\tHacim: 10 litre<br \/>\n&#8221;\tA\u011f\u0131rl\u0131k: 0,6 kg<\/p>\n","protected":false},"excerpt":{"rendered":"<table id=\"tablepress-1\" class=\"tablepress tablepress-id-1 dataTable no-footer\" role=\"grid\" aria-describedby=\"tablepress-1_info\">\n<tbody class=\"row-hover\">\n<tr class=\"row-2 even\" role=\"row\">\n<td class=\"column-1\">Marka:<\/td>\n<td class=\"column-2\">SAMSONITE<\/td>\n<\/tr>\n<tr class=\"row-7 odd\" role=\"row\">\n<td class=\"column-1\">\u00dcr\u00fcn Kategorisi:<\/td>\n<td class=\"column-2\">Notebook S\u0131rt \u00c7antalar\u0131<\/td>\n<\/tr>\n<tr class=\"row-3 odd\" role=\"row\">\n<td class=\"column-1\">Net \u00dcr\u00fcn Kodu:<\/td>\n<td class=\"column-2\">2837<\/td>\n<\/tr>\n<tr class=\"row-4 even\" role=\"row\">\n<td class=\"column-1\">\u00dcr\u00fcn Barkod:<\/td>\n<td class=\"column-2\">5400520029706<\/td>\n<\/tr>\n<tr class=\"row-5 odd\" role=\"row\">\n<td class=\"column-1\">Garanti S\u00fcresi:<\/td>\n<td class=\"column-2\">2 Y\u0131l<\/td>\n<\/tr>\n<\/tbody>\n<\/table>\n","protected":false},"featured_media":28490,"template":"","meta":[],"product_brand":[3191],"product_cat":[201,190],"product_tag":[],"class_list":{"0":"post-28489","1":"product","2":"type-product","3":"status-publish","4":"has-post-thumbnail","6":"product_brand-samsonite","7":"product_cat-notebook-sirt-cantalari","8":"product_cat-samsonite","9":"pa_marka-samsonite","10":"pa_model-kb3-09-001","11":"pa_olcu-14-1","12":"pa_seri-securipak","13":"pa_tip-notebook-sirt-cantasi","15":"first","16":"instock","17":"shipping-taxable","18":"product-type-simple"},"_links":{"self":[{"href":"https:\/\/www.netbilisim-tr.com\/en\/wp-json\/wp\/v2\/product\/28489","targetHints":{"allow":["GET"]}}],"collection":[{"href":"https:\/\/www.netbilisim-tr.com\/en\/wp-json\/wp\/v2\/product"}],"about":[{"href":"https:\/\/www.netbilisim-tr.com\/en\/wp-json\/wp\/v2\/types\/product"}],"wp:featuredmedia":[{"embeddable":true,"href":"https:\/\/www.netbilisim-tr.com\/en\/wp-json\/wp\/v2\/media\/28490"}],"wp:attachment":[{"href":"https:\/\/www.netbilisim-tr.com\/en\/wp-json\/wp\/v2\/media?parent=28489"}],"wp:term":[{"taxonomy":"product_brand","embeddable":true,"href":"https:\/\/www.netbilisim-tr.com\/en\/wp-json\/wp\/v2\/product_brand?post=28489"},{"taxonomy":"product_cat","embeddable":true,"href":"https:\/\/www.netbilisim-tr.com\/en\/wp-json\/wp\/v2\/product_cat?post=28489"},{"taxonomy":"product_tag","embeddable":true,"href":"https:\/\/www.netbilisim-tr.com\/en\/wp-json\/wp\/v2\/product_tag?post=28489"}],"curies":[{"name":"wp","href":"https:\/\/api.w.org\/{rel}","templated":true}]}}