{"id":28542,"date":"2026-02-16T16:24:46","date_gmt":"2026-02-16T13:24:46","guid":{"rendered":"https:\/\/www.netbilisim-tr.com\/urun\/samsonite-kf9-09-004-15-6-mysight-notebook-sirt-cantasi-siyah\/"},"modified":"2026-03-17T16:46:25","modified_gmt":"2026-03-17T13:46:25","slug":"samsonite-kf9-09-004-15-6-mysight-notebook-sirt-cantasi-siyah","status":"publish","type":"product","link":"https:\/\/www.netbilisim-tr.com\/en\/urun\/samsonite-kf9-09-004-15-6-mysight-notebook-sirt-cantasi-siyah\/","title":{"rendered":"SAMSONITE KF9-09-004 15.6 Mysight Notebook S\u0131rt \u00c7antas\u0131 Siyah"},"content":{"rendered":"<p>Dayan\u0131kl\u0131, esnek ve \u00e7evreye duyarl\u0131 kuma\u015f teknolojisi<br \/>\nModern bir g\u00f6r\u00fcn\u00fcm i\u00e7in k\u00fc\u00e7\u00fck kontrast renk vurgular\u0131.<br \/>\nBelge ve ki\u015fisel e\u015fyalar\u0131n\u0131za uygun i\u00e7 tasar\u0131m.<br \/>\nElektronik cihazlar\u0131n her an \u015farj edilmesini sa\u011flayan USB Portu.<br \/>\n\u00c7ek\u00e7ekli \u00e7antalara entegre edilmeye imkan sa\u011flayan arka b\u00f6l\u00fcm.<br \/>\nYumu\u015fak yap\u0131da, rahat ve dayan\u0131kl\u0131 ta\u015f\u0131ma kolu ve ayarlanabilir omuz ask\u0131lar\u0131.<br \/>\nEasy Pass: Kablolar\u0131n \u00e7anta b\u00f6lmelerinden ge\u00e7mesine izin vererek elektronik cihazlar\u0131 \u00e7\u0131karmadan \u015farjda tutan kablo y\u00f6netim sistemi.<br \/>\nMaksimum koruma sa\u011flayan g\u00fc\u00e7lendirilmi\u015f notebook ve tablet b\u00f6lmeleri<br \/>\nFile cepli \u015fi\u015fe tutaca\u011f\u0131<br \/>\nT\u00fcm modellerde \u00e7\u0131kar\u0131labilir fermuarl\u0131 \u00e7anta<br \/>\n\u00d6l\u00e7\u00fcler: 30 x 43 x16 cm<br \/>\nA\u011f\u0131rl\u0131k: 0,9 kg<br \/>\nHacim: 19 Litre<br \/>\nRenk: Siyah<\/p>\n","protected":false},"excerpt":{"rendered":"<table id=\"tablepress-1\" class=\"tablepress tablepress-id-1 dataTable no-footer\" role=\"grid\" aria-describedby=\"tablepress-1_info\">\n<tbody class=\"row-hover\">\n<tr class=\"row-2 even\" role=\"row\">\n<td class=\"column-1\">Marka:<\/td>\n<td class=\"column-2\">SAMSONITE<\/td>\n<\/tr>\n<tr class=\"row-7 odd\" role=\"row\">\n<td class=\"column-1\">\u00dcr\u00fcn Kategorisi:<\/td>\n<td class=\"column-2\">Notebook S\u0131rt \u00c7antalar\u0131<\/td>\n<\/tr>\n<tr class=\"row-3 odd\" role=\"row\">\n<td class=\"column-1\">Net \u00dcr\u00fcn Kodu:<\/td>\n<td class=\"column-2\">2928<\/td>\n<\/tr>\n<tr class=\"row-4 even\" role=\"row\">\n<td class=\"column-1\">\u00dcr\u00fcn Barkod:<\/td>\n<td class=\"column-2\">5400520091291<\/td>\n<\/tr>\n<tr class=\"row-5 odd\" role=\"row\">\n<td class=\"column-1\">Garanti S\u00fcresi:<\/td>\n<td class=\"column-2\">2 Y\u0131l<\/td>\n<\/tr>\n<\/tbody>\n<\/table>\n","protected":false},"featured_media":28543,"template":"","meta":[],"product_brand":[3191],"product_cat":[190,201],"product_tag":[],"class_list":{"0":"post-28542","1":"product","2":"type-product","3":"status-publish","4":"has-post-thumbnail","6":"product_brand-samsonite","7":"product_cat-samsonite","8":"product_cat-notebook-sirt-cantalari","9":"pa_marka-samsonite","10":"pa_model-kf9-09-004","11":"pa_olcu-15-6","12":"pa_seri-mysight","13":"pa_tip-notebook-sirt-cantasi","15":"first","16":"instock","17":"shipping-taxable","18":"product-type-simple"},"_links":{"self":[{"href":"https:\/\/www.netbilisim-tr.com\/en\/wp-json\/wp\/v2\/product\/28542","targetHints":{"allow":["GET"]}}],"collection":[{"href":"https:\/\/www.netbilisim-tr.com\/en\/wp-json\/wp\/v2\/product"}],"about":[{"href":"https:\/\/www.netbilisim-tr.com\/en\/wp-json\/wp\/v2\/types\/product"}],"wp:featuredmedia":[{"embeddable":true,"href":"https:\/\/www.netbilisim-tr.com\/en\/wp-json\/wp\/v2\/media\/28543"}],"wp:attachment":[{"href":"https:\/\/www.netbilisim-tr.com\/en\/wp-json\/wp\/v2\/media?parent=28542"}],"wp:term":[{"taxonomy":"product_brand","embeddable":true,"href":"https:\/\/www.netbilisim-tr.com\/en\/wp-json\/wp\/v2\/product_brand?post=28542"},{"taxonomy":"product_cat","embeddable":true,"href":"https:\/\/www.netbilisim-tr.com\/en\/wp-json\/wp\/v2\/product_cat?post=28542"},{"taxonomy":"product_tag","embeddable":true,"href":"https:\/\/www.netbilisim-tr.com\/en\/wp-json\/wp\/v2\/product_tag?post=28542"}],"curies":[{"name":"wp","href":"https:\/\/api.w.org\/{rel}","templated":true}]}}