{"id":28627,"date":"2026-02-16T16:30:30","date_gmt":"2026-02-16T13:30:30","guid":{"rendered":"https:\/\/www.netbilisim-tr.com\/urun\/samsonite-ki3-01-003-14-1-network4-notebook-sirt-cantasi-mavi\/"},"modified":"2026-03-17T16:46:39","modified_gmt":"2026-03-17T13:46:39","slug":"samsonite-ki3-01-003-14-1-network4-notebook-sirt-cantasi-mavi","status":"publish","type":"product","link":"https:\/\/www.netbilisim-tr.com\/en\/urun\/samsonite-ki3-01-003-14-1-network4-notebook-sirt-cantasi-mavi\/","title":{"rendered":"SAMSONITE KI3-01-003 14.1 Network4 Notebook S\u0131rt \u00c7antas\u0131 Mavi"},"content":{"rendered":"<p>Dayan\u0131kl\u0131, esnek ve \u00e7evreye duyarl\u0131 kuma\u015f teknolojisi<br \/>\nDaha \u00e7a\u011fda\u015f bir g\u00f6r\u00fcn\u00fcm i\u00e7in metal Samsonite logosu<br \/>\nModern bir g\u00f6r\u00fcn\u00fcm i\u00e7in k\u00fc\u00e7\u00fck kontrast renk vurgular\u0131.<br \/>\n\u00c7ek\u00e7ekli \u00e7antalara entegre edilmeye imkan sa\u011flayan arka b\u00f6l\u00fcm.<br \/>\nBelge ve ki\u015fisel e\u015fyalar\u0131n\u0131za uygun i\u00e7 tasar\u0131m.<br \/>\nYumu\u015fak yap\u0131da, rahat ve dayan\u0131kl\u0131 ta\u015f\u0131ma kolu ve ayarlanabilir omuz ask\u0131s\u0131.<br \/>\n\u00dcst\u00fcn koruma sa\u011flayan g\u00fc\u00e7lendirilmi\u015f ve koruma kay\u0131\u015f\u0131 ile desteklenmi\u015f laptop b\u00f6l\u00fcm\u00fc<br \/>\nFermuarl\u0131 \u00f6n b\u00f6l\u00fcm<br \/>\nFile cepli \u015fi\u015fe tutaca\u011f\u0131<br \/>\n\u00d6l\u00e7\u00fcler: 30 x 8 x 41 cm<br \/>\nA\u011f\u0131rl\u0131k: 0,7 kg<br \/>\nHacim: 15,5 Litre<br \/>\nRenk: Mavi<\/p>\n","protected":false},"excerpt":{"rendered":"<table id=\"tablepress-1\" class=\"tablepress tablepress-id-1 dataTable no-footer\" role=\"grid\" aria-describedby=\"tablepress-1_info\">\n<tbody class=\"row-hover\">\n<tr class=\"row-2 even\" role=\"row\">\n<td class=\"column-1\">Marka:<\/td>\n<td class=\"column-2\">SAMSONITE<\/td>\n<\/tr>\n<tr class=\"row-7 odd\" role=\"row\">\n<td class=\"column-1\">\u00dcr\u00fcn Kategorisi:<\/td>\n<td class=\"column-2\">Notebook S\u0131rt \u00c7antalar\u0131<\/td>\n<\/tr>\n<tr class=\"row-3 odd\" role=\"row\">\n<td class=\"column-1\">Net \u00dcr\u00fcn Kodu:<\/td>\n<td class=\"column-2\">2936<\/td>\n<\/tr>\n<tr class=\"row-4 even\" role=\"row\">\n<td class=\"column-1\">\u00dcr\u00fcn Barkod:<\/td>\n<td class=\"column-2\">5400520149787<\/td>\n<\/tr>\n<tr class=\"row-5 odd\" role=\"row\">\n<td class=\"column-1\">Garanti S\u00fcresi:<\/td>\n<td class=\"column-2\">2 Y\u0131l<\/td>\n<\/tr>\n<\/tbody>\n<\/table>\n","protected":false},"featured_media":28628,"template":"","meta":[],"product_brand":[3191],"product_cat":[1705,1704],"product_tag":[],"class_list":{"0":"post-28627","1":"product","2":"type-product","3":"status-publish","4":"has-post-thumbnail","6":"product_brand-samsonite","7":"product_cat-notebook-backpacks","8":"product_cat-samsonite-en","9":"pa_marka-samsonite-en","10":"pa_model-ki3-01-003-en","11":"pa_olcu-14-1","12":"pa_seri-network4-en","13":"pa_tip-notebook-backpack","15":"first","16":"instock","17":"shipping-taxable","18":"product-type-simple"},"_links":{"self":[{"href":"https:\/\/www.netbilisim-tr.com\/en\/wp-json\/wp\/v2\/product\/28627","targetHints":{"allow":["GET"]}}],"collection":[{"href":"https:\/\/www.netbilisim-tr.com\/en\/wp-json\/wp\/v2\/product"}],"about":[{"href":"https:\/\/www.netbilisim-tr.com\/en\/wp-json\/wp\/v2\/types\/product"}],"wp:featuredmedia":[{"embeddable":true,"href":"https:\/\/www.netbilisim-tr.com\/en\/wp-json\/wp\/v2\/media\/28628"}],"wp:attachment":[{"href":"https:\/\/www.netbilisim-tr.com\/en\/wp-json\/wp\/v2\/media?parent=28627"}],"wp:term":[{"taxonomy":"product_brand","embeddable":true,"href":"https:\/\/www.netbilisim-tr.com\/en\/wp-json\/wp\/v2\/product_brand?post=28627"},{"taxonomy":"product_cat","embeddable":true,"href":"https:\/\/www.netbilisim-tr.com\/en\/wp-json\/wp\/v2\/product_cat?post=28627"},{"taxonomy":"product_tag","embeddable":true,"href":"https:\/\/www.netbilisim-tr.com\/en\/wp-json\/wp\/v2\/product_tag?post=28627"}],"curies":[{"name":"wp","href":"https:\/\/api.w.org\/{rel}","templated":true}]}}