{"id":28720,"date":"2026-02-16T16:38:50","date_gmt":"2026-02-16T13:38:50","guid":{"rendered":"https:\/\/www.netbilisim-tr.com\/urun\/texas-ins-ba-ii-plus-professional-finansal-hesap-makinesi\/"},"modified":"2026-03-17T16:47:52","modified_gmt":"2026-03-17T13:47:52","slug":"texas-ins-ba-ii-plus-professional-finansal-hesap-makinesi","status":"publish","type":"product","link":"https:\/\/www.netbilisim-tr.com\/en\/urun\/texas-ins-ba-ii-plus-professional-finansal-hesap-makinesi\/","title":{"rendered":"TEXAS INS. BA II Plus Professional Finansal Hesap Makinesi"},"content":{"rendered":"<p>Y\u0131ll\u0131k gelir, ipotek, kira, tasarruflar ve benzeri para hesaplamalar\u0131 i\u00e7in paran\u0131n zaman i\u00e7erisindeki de\u011feri hususunu \u00e7\u00f6z\u00fcme kavu\u015fturmaktad\u0131r.<br \/>\nAmortisman plan\u0131 olu\u015fturmaktad\u0131r.<br \/>\nMaksimum 4 basamakl\u0131 frekanslar ile 32 adete kadar d\u00fczensiz nakit ak\u0131\u015f\u0131 i\u00e7in nakit ak\u0131\u015f\u0131 analizi y\u00fcr\u00fctmektedir; NPV ve IRRi hesaplamaktad\u0131r.<br \/>\nNet Gelecek De\u011fer (NFV)<br \/>\nDe\u011fi\u015ftirilmi\u015f Dahili Geri D\u00f6n\u00fc\u015f (Karl\u0131l\u0131k) Oran\u0131 (MIRR)<br \/>\nDe\u011fi\u015ftirilmi\u015f S\u00fcreli<br \/>\nGeri \u00d6deme ve \u0130skontolu Geri \u00d6deme<br \/>\n\u00d6denecek tahvil \u00fccretinin ya da vade sonu getiririnin hesaplanmas\u0131 i\u00e7in 2 g\u00fcnl\u00fck hesaplama metodlar\u0131ndan birini se\u00e7mek (filli\/ fiili ya da 30\/360) ya da amortisman, muhasebe de\u011feri ve kalan amortisman miktar\u0131n\u0131 hesaplamak i\u00e7in 2 y\u00f6ntem kullanmak: SL, SYD, DB, SL ge\u00e7i\u015fli DB<br \/>\nAmortisman Planlar\u0131<br \/>\nTahvil \u00fccretleri ve tahvil ya da vade sonu getirisi<br \/>\n\u00dczerinde komutlar bulunan ekran ge\u00e7erli de\u011fi\u015fkenleri ve etiketi g\u00f6stermek suretiyle sizi finansal hesaplamalar esnas\u0131nda y\u00f6nlendirmektedir.<br \/>\nBGN\/END \u00f6deme ayar\u0131<br \/>\nK\u0131smi y\u0131l<br \/>\n10 kullan\u0131c\u0131 haf\u0131zas\u0131<br \/>\n10-haneli g\u00f6sterge<br \/>\nD\u00f6rt adet geri \u00e7ekilme (regresyon) se\u00e7ene\u011fine sahip liste bazl\u0131 bir ve iki de\u011fi\u015fkenli istatistikler: Bu geri \u00e7ekilme se\u00e7enekleri: do\u011frusal, logaritmik, \u00fcssel ve g\u00fc\u00e7<br \/>\nMatematik fonksiyonlar\u0131 trigonometrik hesaplamalar\u0131, do\u011fal algoritmalar\u0131 ve g\u00fc\u00e7leri i\u00e7ermektedir.<br \/>\nH\u0131zl\u0131 referans kart\u0131na sahip siyah koruyucu torba da \u00fcr\u00fcne dahil edilmi\u015ftir.<br \/>\nBir adet lityum 2032 batarya \u00fcr\u00fcne dahil edilmi\u015ftir.<br \/>\nAPD (Otomatik Kapama) \u00f6zelli\u011fi g\u00fc\u00e7 tasarrufu sa\u011flamaktad\u0131r.<\/p>\n","protected":false},"excerpt":{"rendered":"<table id=\"tablepress-1\" class=\"tablepress tablepress-id-1 dataTable no-footer\" role=\"grid\" aria-describedby=\"tablepress-1_info\">\n<tbody class=\"row-hover\">\n<tr class=\"row-2 even\" role=\"row\">\n<td class=\"column-1\">Marka:<\/td>\n<td class=\"column-2\">TEXAS INS.<\/td>\n<\/tr>\n<tr class=\"row-7 odd\" role=\"row\">\n<td class=\"column-1\">\u00dcr\u00fcn Kategorisi:<\/td>\n<td class=\"column-2\">Finansal Hesap Makineleri<\/td>\n<\/tr>\n<tr class=\"row-3 odd\" role=\"row\">\n<td class=\"column-1\">Net \u00dcr\u00fcn Kodu:<\/td>\n<td class=\"column-2\">780<\/td>\n<\/tr>\n<tr class=\"row-4 even\" role=\"row\">\n<td class=\"column-1\">\u00dcr\u00fcn Barkod:<\/td>\n<td class=\"column-2\">3243480015172<\/td>\n<\/tr>\n<tr class=\"row-5 odd\" role=\"row\">\n<td class=\"column-1\">Garanti S\u00fcresi:<\/td>\n<td class=\"column-2\">2 Y\u0131l<\/td>\n<\/tr>\n<\/tbody>\n<\/table>\n","protected":false},"featured_media":28721,"template":"","meta":[],"product_brand":[3192],"product_cat":[1722,1708],"product_tag":[],"class_list":{"0":"post-28720","1":"product","2":"type-product","3":"status-publish","4":"has-post-thumbnail","6":"product_brand-texas-ins","7":"product_cat-financial-calculators","8":"product_cat-texas-ins-en","9":"pa_marka-texas-ins-en","10":"pa_model-ba-ii-plus-professional-en","11":"pa_tip-calculator","12":"pa_turu-financial","14":"first","15":"instock","16":"shipping-taxable","17":"product-type-simple"},"_links":{"self":[{"href":"https:\/\/www.netbilisim-tr.com\/en\/wp-json\/wp\/v2\/product\/28720","targetHints":{"allow":["GET"]}}],"collection":[{"href":"https:\/\/www.netbilisim-tr.com\/en\/wp-json\/wp\/v2\/product"}],"about":[{"href":"https:\/\/www.netbilisim-tr.com\/en\/wp-json\/wp\/v2\/types\/product"}],"wp:featuredmedia":[{"embeddable":true,"href":"https:\/\/www.netbilisim-tr.com\/en\/wp-json\/wp\/v2\/media\/28721"}],"wp:attachment":[{"href":"https:\/\/www.netbilisim-tr.com\/en\/wp-json\/wp\/v2\/media?parent=28720"}],"wp:term":[{"taxonomy":"product_brand","embeddable":true,"href":"https:\/\/www.netbilisim-tr.com\/en\/wp-json\/wp\/v2\/product_brand?post=28720"},{"taxonomy":"product_cat","embeddable":true,"href":"https:\/\/www.netbilisim-tr.com\/en\/wp-json\/wp\/v2\/product_cat?post=28720"},{"taxonomy":"product_tag","embeddable":true,"href":"https:\/\/www.netbilisim-tr.com\/en\/wp-json\/wp\/v2\/product_tag?post=28720"}],"curies":[{"name":"wp","href":"https:\/\/api.w.org\/{rel}","templated":true}]}}