{"id":28753,"date":"2026-02-16T16:43:23","date_gmt":"2026-02-16T13:43:23","guid":{"rendered":"https:\/\/www.netbilisim-tr.com\/urun\/mack-mcc-4009-2-5-hard-disk-kilifi-siyah\/"},"modified":"2026-03-17T16:50:15","modified_gmt":"2026-03-17T13:50:15","slug":"mack-mcc-4009-2-5-hard-disk-kilifi-siyah","status":"publish","type":"product","link":"https:\/\/www.netbilisim-tr.com\/en\/urun\/mack-mcc-4009-2-5-hard-disk-kilifi-siyah\/","title":{"rendered":"MACK MCC-4009 2.5 Hard Disk K\u0131l\u0131f\u0131 Siyah"},"content":{"rendered":"<p>Ekstra takviyeli hard disk b\u00f6l\u00fcm\u00fc<br \/>\nKablo ve aksesuarlar i\u00e7in i\u00e7 cep<br \/>\nHard disk g\u00fcvenli\u011fini sa\u011flayan elastik sabitleme kay\u0131\u015f\u0131<br \/>\nUyumluluk:  2,5&#8243;<br \/>\nD\u0131\u015f \u00d6l\u00e7\u00fcler: 15*10*4 cm<br \/>\n\u0130\u00e7 \u00d6l\u00e7\u00fcler: 13,5*8,5*3 cm<br \/>\nA\u011f\u0131rl\u0131k: 0,063 kg<br \/>\nRenk: Siyah<\/p>\n","protected":false},"excerpt":{"rendered":"<table id=\"tablepress-1\" class=\"tablepress tablepress-id-1 dataTable no-footer\" role=\"grid\" aria-describedby=\"tablepress-1_info\">\n<tbody class=\"row-hover\">\n<tr class=\"row-2 even\" role=\"row\">\n<td class=\"column-1\">Marka:<\/td>\n<td class=\"column-2\">MACK<\/td>\n<\/tr>\n<tr class=\"row-7 odd\" role=\"row\">\n<td class=\"column-1\">\u00dcr\u00fcn Kategorisi:<\/td>\n<td class=\"column-2\">Hard Disk K\u0131l\u0131flar\u0131<\/td>\n<\/tr>\n<tr class=\"row-3 odd\" role=\"row\">\n<td class=\"column-1\">Net \u00dcr\u00fcn Kodu:<\/td>\n<td class=\"column-2\">3459<\/td>\n<\/tr>\n<tr class=\"row-4 even\" role=\"row\">\n<td class=\"column-1\">\u00dcr\u00fcn Barkod:<\/td>\n<td class=\"column-2\">8682998401803<\/td>\n<\/tr>\n<tr class=\"row-5 odd\" role=\"row\">\n<td class=\"column-1\">Garanti S\u00fcresi:<\/td>\n<td class=\"column-2\">2 Y\u0131l<\/td>\n<\/tr>\n<\/tbody>\n<\/table>\n","protected":false},"featured_media":28754,"template":"","meta":[],"product_brand":[3190],"product_cat":[280,1785],"product_tag":[],"class_list":{"0":"post-28753","1":"product","2":"type-product","3":"status-publish","4":"has-post-thumbnail","6":"product_brand-mack","7":"product_cat-mack","8":"product_cat-hard-disk-kiliflari","9":"pa_marka-mack","10":"pa_model-mcc-4009","11":"pa_olcu-2-5","12":"pa_tip-hard-disk-kilifi","14":"first","15":"instock","16":"shipping-taxable","17":"product-type-simple"},"_links":{"self":[{"href":"https:\/\/www.netbilisim-tr.com\/en\/wp-json\/wp\/v2\/product\/28753","targetHints":{"allow":["GET"]}}],"collection":[{"href":"https:\/\/www.netbilisim-tr.com\/en\/wp-json\/wp\/v2\/product"}],"about":[{"href":"https:\/\/www.netbilisim-tr.com\/en\/wp-json\/wp\/v2\/types\/product"}],"wp:featuredmedia":[{"embeddable":true,"href":"https:\/\/www.netbilisim-tr.com\/en\/wp-json\/wp\/v2\/media\/28754"}],"wp:attachment":[{"href":"https:\/\/www.netbilisim-tr.com\/en\/wp-json\/wp\/v2\/media?parent=28753"}],"wp:term":[{"taxonomy":"product_brand","embeddable":true,"href":"https:\/\/www.netbilisim-tr.com\/en\/wp-json\/wp\/v2\/product_brand?post=28753"},{"taxonomy":"product_cat","embeddable":true,"href":"https:\/\/www.netbilisim-tr.com\/en\/wp-json\/wp\/v2\/product_cat?post=28753"},{"taxonomy":"product_tag","embeddable":true,"href":"https:\/\/www.netbilisim-tr.com\/en\/wp-json\/wp\/v2\/product_tag?post=28753"}],"curies":[{"name":"wp","href":"https:\/\/api.w.org\/{rel}","templated":true}]}}