{"id":28769,"date":"2026-02-16T19:44:21","date_gmt":"2026-02-16T16:44:21","guid":{"rendered":"https:\/\/www.netbilisim-tr.com\/urun\/ion-luxe-lp-bluetooth-hoparlorlu-pikap\/"},"modified":"2026-03-17T16:46:54","modified_gmt":"2026-03-17T13:46:54","slug":"ion-luxe-lp-bluetooth-hoparlorlu-pikap","status":"publish","type":"product","link":"https:\/\/www.netbilisim-tr.com\/en\/urun\/ion-luxe-lp-bluetooth-hoparlorlu-pikap\/","title":{"rendered":"ION LUXE LP Bluetooth &#8211; Hoparl\u00f6rl\u00fc Pikap"},"content":{"rendered":"<p>3 h\u0131zl\u0131 pikap &#8211; T\u00fcm 33 1\/3, 45 ve 78 RPM kay\u0131tlar\u0131n\u0131z\u0131 oynatabilir<br \/>\nDahili hoparl\u00f6rler &#8211; Y\u00fcksek ses kalitesi i\u00e7in dahili hoparl\u00f6rler<br \/>\nBluetooth uyumlu &#8211; Pikaptan herhangi bir bluetooth uyumlu hoparl\u00f6re ses aktar\u0131m\u0131 sa\u011flamaktad\u0131r<br \/>\nUSB \u00c7evirimli &#8211; \u015eark\u0131lar\u0131 dijital dosyalara \u00e7evirebilme<br \/>\nEZVC \u00fccretsiz indirme &#8211; Dijital d\u00f6n\u00fc\u015f\u00fcm yaz\u0131l\u0131m\u0131n\u0131 \u00fccretsiz indirme se\u00e7ene\u011fi<br \/>\nTam boy tabla &#8211; Tam boyutlu tabla pla\u011f\u0131n daha stabil olmas\u0131n\u0131 sa\u011flar.<br \/>\nRCA output &#8211; Harici bir sistemi pikapa ba\u011flay\u0131n<br \/>\n1\/8&#8243; Kulakl\u0131k jag\u0131 &#8211; Ki\u015fisel dinlemeleriniz i\u00e7in kulakl\u0131\u011f\u0131n\u0131z\u0131 ba\u011flay\u0131n<br \/>\nOtomatik durma -Kay\u0131t sonunda m\u00fczik kolu otomatik olarak yerine geri d\u00f6ner ve plak\u00e7alar\u0131 durdurur<br \/>\nToz koruma kapa\u011f\u0131 &#8211; \u00dcr\u00fcn\u00fcn\u00fcz\u00fc tozlardan korur ve ekstra stil katar<br \/>\nA\u011f\u0131rl\u0131k: 3,83 kg<\/p>\n","protected":false},"excerpt":{"rendered":"<table id=\"tablepress-1\" class=\"tablepress tablepress-id-1 dataTable no-footer\" role=\"grid\" aria-describedby=\"tablepress-1_info\">\n<tbody class=\"row-hover\">\n<tr class=\"row-2 even\" role=\"row\">\n<td class=\"column-1\">Marka:<\/td>\n<td class=\"column-2\">ION<\/td>\n<\/tr>\n<tr class=\"row-7 odd\" role=\"row\">\n<td class=\"column-1\">\u00dcr\u00fcn Kategorisi:<\/td>\n<td class=\"column-2\">Plak\u00e7alarlar<\/td>\n<\/tr>\n<tr class=\"row-3 odd\" role=\"row\">\n<td class=\"column-1\">Net \u00dcr\u00fcn Kodu:<\/td>\n<td class=\"column-2\">2968<\/td>\n<\/tr>\n<tr class=\"row-4 even\" role=\"row\">\n<td class=\"column-1\">\u00dcr\u00fcn Barkod:<\/td>\n<td class=\"column-2\">842655103114<\/td>\n<\/tr>\n<tr class=\"row-5 odd\" role=\"row\">\n<td class=\"column-1\">Garanti S\u00fcresi:<\/td>\n<td class=\"column-2\">2 Y\u0131l<\/td>\n<\/tr>\n<\/tbody>\n<\/table>\n","protected":false},"featured_media":28770,"template":"","meta":[],"product_brand":[3194],"product_cat":[1682,1690],"product_tag":[],"class_list":{"0":"post-28769","1":"product","2":"type-product","3":"status-publish","4":"has-post-thumbnail","6":"product_brand-ion","7":"product_cat-ion-en","8":"product_cat-turntables","9":"pa_marka-ion-en","10":"pa_model-luxe-lp-en","11":"pa_tip-turntable","13":"first","14":"instock","15":"shipping-taxable","16":"product-type-simple"},"_links":{"self":[{"href":"https:\/\/www.netbilisim-tr.com\/en\/wp-json\/wp\/v2\/product\/28769","targetHints":{"allow":["GET"]}}],"collection":[{"href":"https:\/\/www.netbilisim-tr.com\/en\/wp-json\/wp\/v2\/product"}],"about":[{"href":"https:\/\/www.netbilisim-tr.com\/en\/wp-json\/wp\/v2\/types\/product"}],"wp:featuredmedia":[{"embeddable":true,"href":"https:\/\/www.netbilisim-tr.com\/en\/wp-json\/wp\/v2\/media\/28770"}],"wp:attachment":[{"href":"https:\/\/www.netbilisim-tr.com\/en\/wp-json\/wp\/v2\/media?parent=28769"}],"wp:term":[{"taxonomy":"product_brand","embeddable":true,"href":"https:\/\/www.netbilisim-tr.com\/en\/wp-json\/wp\/v2\/product_brand?post=28769"},{"taxonomy":"product_cat","embeddable":true,"href":"https:\/\/www.netbilisim-tr.com\/en\/wp-json\/wp\/v2\/product_cat?post=28769"},{"taxonomy":"product_tag","embeddable":true,"href":"https:\/\/www.netbilisim-tr.com\/en\/wp-json\/wp\/v2\/product_tag?post=28769"}],"curies":[{"name":"wp","href":"https:\/\/api.w.org\/{rel}","templated":true}]}}